{"id":2403,"date":"2025-04-03T20:46:11","date_gmt":"2025-04-03T20:46:11","guid":{"rendered":"https:\/\/grupobraco.com.br\/conteudo\/onde-comprar-vergalhao-em-trindade-a-melhor-opcao-e-a-br-aco\/"},"modified":"2025-04-03T20:46:11","modified_gmt":"2025-04-03T20:46:11","slug":"onde-comprar-vergalhao-em-trindade-a-melhor-opcao-e-a-br-aco","status":"publish","type":"page","link":"https:\/\/grupobraco.com.br\/conteudo\/onde-comprar-vergalhao-em-trindade-a-melhor-opcao-e-a-br-aco\/","title":{"rendered":"Onde Comprar Vergalh\u00e3o em Trindade: A Melhor Op\u00e7\u00e3o \u00e9 a BR A\u00e7o"},"content":{"rendered":"<p>Se voc\u00ea est\u00e1 em busca de onde comprar vergalh\u00e3o em Trindade, saiba que encontrar a melhor op\u00e7\u00e3o \u00e9 fundamental para garantir a qualidade e a seguran\u00e7a da sua obra. O vergalh\u00e3o \u00e9 um dos principais componentes usados na constru\u00e7\u00e3o civil, pois proporciona resist\u00eancia e durabilidade \u00e0s estruturas. Nessa jornada de compra, \u00e9 essencial considerar n\u00e3o apenas o pre\u00e7o, mas tamb\u00e9m a qualidade do material e a reputa\u00e7\u00e3o do fornecedor. A BR A\u00e7o se destaca nesse cen\u00e1rio, oferecendo produtos de alto padr\u00e3o, al\u00e9m de um atendimento especializado que garante que suas necessidades sejam atendidas de forma eficiente. Neste conte\u00fado, vamos explorar os melhores lugares para adquirir vergalh\u00e3o em Trindade e mostrar por que a BR A\u00e7o \u00e9 a escolha ideal para seus projetos.<\/p>\n","protected":false},"excerpt":{"rendered":"<p>Se voc\u00ea est\u00e1 em busca de onde comprar vergalh\u00e3o em Trindade, saiba que encontrar a melhor op\u00e7\u00e3o \u00e9 fundamental para garantir a qualidade e a seguran\u00e7a da sua obra. O vergalh\u00e3o \u00e9 um dos principais componentes usados na constru\u00e7\u00e3o civil, pois proporciona resist\u00eancia e durabilidade \u00e0s estruturas. Nessa jornada de compra, \u00e9 essencial considerar n\u00e3o&hellip;&nbsp;<a href=\"https:\/\/grupobraco.com.br\/conteudo\/onde-comprar-vergalhao-em-trindade-a-melhor-opcao-e-a-br-aco\/\" class=\"\" rel=\"bookmark\">Continue a ler &raquo;<span class=\"screen-reader-text\">Onde Comprar Vergalh\u00e3o em Trindade: A Melhor Op\u00e7\u00e3o \u00e9 a BR A\u00e7o<\/span><\/a><\/p>\n","protected":false},"author":3,"featured_media":0,"parent":0,"menu_order":0,"comment_status":"closed","ping_status":"closed","template":"","meta":{"_acf_changed":false,"_yoast_wpseo_focuskw":"onde comprar vergalh\u00e3o em Trindade","_yoast_wpseo_title":"Onde Comprar Vergalh\u00e3o em Trindade com Qualidade na BR A\u00e7o","_yoast_wpseo_metadesc":"Descubra onde comprar vergalh\u00e3o em Trindade com a BR A\u00e7o, a l\u00edder em qualidade e agilidade na entrega de materiais para sua constru\u00e7\u00e3o.","neve_meta_sidebar":"","neve_meta_container":"","neve_meta_enable_content_width":"","neve_meta_content_width":0,"neve_meta_title_alignment":"","neve_meta_author_avatar":"","neve_post_elements_order":"","neve_meta_disable_header":"","neve_meta_disable_footer":"","neve_meta_disable_title":"","footnotes":""},"class_list":["post-2403","page","type-page","status-publish","hentry"],"acf":{"introducao":"","conceitos_fundamentais":"","como_funciona":"","como_aplicar_no_dia_a_dia":"","principais_utilizacoes_e_beneficios":"","tipos_e_classificacoes":"","tecnologias_e_ferramentas_relacionadas":"","exemplos_e_casos_de_sucesso":"","mitos_e_verdades":"","perguntas_frequentes_faq":"","erros_comuns_e_como_evita-los":"","futuro_e_tendencias":"","conclusao":"","bloco1title":"Qualidade em A\u00e7o","bloco1text":"A BR A\u00e7o \u00e9 reconhecida pela qualidade superior de seus produtos, garantindo seguran\u00e7a e resist\u00eancia \u00e0s suas constru\u00e7\u00f5es.","bloco2title":"Atendimento Personalizado","bloco2text":"Nosso time especializado est\u00e1 sempre preparado para apoiar na escolha do melhor vergalh\u00e3o para seu projeto.","bloco3title":"Dicas de Compra","bloco3text":"Na hora de comprar vergalh\u00e3o, considere a qualidade do a\u00e7o, as certifica\u00e7\u00f5es do fornecedor e a agilidade na entrega para evitar atrasos na obra.","insightwidtitle":"Curiosidades sobre Vergalh\u00e3o","insightwidcontent":"Voc\u00ea sabia que o vergalh\u00e3o foi primeiramente utilizado na constru\u00e7\u00e3o civil no in\u00edcio do s\u00e9culo 20? Desde ent\u00e3o, ele se tornou um componente fundamental, pois oferece tens\u00e3o e resist\u00eancia, ampliando a durabilidade das estruturas. Escolher a op\u00e7\u00e3o certa \u00e9 vital para economizar e garantir seguran\u00e7a na sua constru\u00e7\u00e3o."},"yoast_head":"<!-- This site is optimized with the Yoast SEO plugin v23.4 - https:\/\/yoast.com\/wordpress\/plugins\/seo\/ -->\n<title>Onde Comprar Vergalh\u00e3o em Trindade com Qualidade na BR A\u00e7o<\/title>\n<meta name=\"description\" content=\"Descubra onde comprar vergalh\u00e3o em Trindade com a BR A\u00e7o, a l\u00edder em qualidade e agilidade na entrega de materiais para sua constru\u00e7\u00e3o.\" \/>\n<meta name=\"robots\" content=\"index, follow, max-snippet:-1, max-image-preview:large, max-video-preview:-1\" \/>\n<link rel=\"canonical\" href=\"https:\/\/grupobraco.com.br\/conteudo\/onde-comprar-vergalhao-em-trindade-a-melhor-opcao-e-a-br-aco\/\" \/>\n<meta property=\"og:locale\" content=\"pt_BR\" \/>\n<meta property=\"og:type\" content=\"article\" \/>\n<meta property=\"og:title\" content=\"Onde Comprar Vergalh\u00e3o em Trindade com Qualidade na BR A\u00e7o\" \/>\n<meta property=\"og:description\" content=\"Descubra onde comprar vergalh\u00e3o em Trindade com a BR A\u00e7o, a l\u00edder em qualidade e agilidade na entrega de materiais para sua constru\u00e7\u00e3o.\" \/>\n<meta property=\"og:url\" content=\"https:\/\/grupobraco.com.br\/conteudo\/onde-comprar-vergalhao-em-trindade-a-melhor-opcao-e-a-br-aco\/\" \/>\n<meta property=\"og:site_name\" content=\"Br A\u00e7o\" \/>\n<meta name=\"twitter:card\" content=\"summary_large_image\" \/>\n<meta name=\"twitter:label1\" content=\"Est. tempo de leitura\" \/>\n\t<meta name=\"twitter:data1\" content=\"1 minuto\" \/>\n<script type=\"application\/ld+json\" class=\"yoast-schema-graph\">{\"@context\":\"https:\/\/schema.org\",\"@graph\":[{\"@type\":\"WebPage\",\"@id\":\"https:\/\/grupobraco.com.br\/conteudo\/onde-comprar-vergalhao-em-trindade-a-melhor-opcao-e-a-br-aco\/\",\"url\":\"https:\/\/grupobraco.com.br\/conteudo\/onde-comprar-vergalhao-em-trindade-a-melhor-opcao-e-a-br-aco\/\",\"name\":\"Onde Comprar Vergalh\u00e3o em Trindade com Qualidade na BR A\u00e7o\",\"isPartOf\":{\"@id\":\"https:\/\/grupobraco.com.br\/conteudo\/#website\"},\"datePublished\":\"2025-04-03T20:46:11+00:00\",\"dateModified\":\"2025-04-03T20:46:11+00:00\",\"description\":\"Descubra onde comprar vergalh\u00e3o em Trindade com a BR A\u00e7o, a l\u00edder em qualidade e agilidade na entrega de materiais para sua constru\u00e7\u00e3o.\",\"breadcrumb\":{\"@id\":\"https:\/\/grupobraco.com.br\/conteudo\/onde-comprar-vergalhao-em-trindade-a-melhor-opcao-e-a-br-aco\/#breadcrumb\"},\"inLanguage\":\"pt-BR\",\"potentialAction\":[{\"@type\":\"ReadAction\",\"target\":[\"https:\/\/grupobraco.com.br\/conteudo\/onde-comprar-vergalhao-em-trindade-a-melhor-opcao-e-a-br-aco\/\"]}]},{\"@type\":\"BreadcrumbList\",\"@id\":\"https:\/\/grupobraco.com.br\/conteudo\/onde-comprar-vergalhao-em-trindade-a-melhor-opcao-e-a-br-aco\/#breadcrumb\",\"itemListElement\":[{\"@type\":\"ListItem\",\"position\":1,\"name\":\"Home\",\"item\":\"https:\/\/grupobraco.com.br\/conteudo\/\"},{\"@type\":\"ListItem\",\"position\":2,\"name\":\"Onde Comprar Vergalh\u00e3o em Trindade: A Melhor Op\u00e7\u00e3o \u00e9 a BR A\u00e7o\"}]},{\"@type\":\"WebSite\",\"@id\":\"https:\/\/grupobraco.com.br\/conteudo\/#website\",\"url\":\"https:\/\/grupobraco.com.br\/conteudo\/\",\"name\":\"Br A\u00e7o\",\"description\":\"Seus projetos na velocidade m\u00e1xima\",\"publisher\":{\"@id\":\"https:\/\/grupobraco.com.br\/conteudo\/#organization\"},\"potentialAction\":[{\"@type\":\"SearchAction\",\"target\":{\"@type\":\"EntryPoint\",\"urlTemplate\":\"https:\/\/grupobraco.com.br\/conteudo\/?s={search_term_string}\"},\"query-input\":{\"@type\":\"PropertyValueSpecification\",\"valueRequired\":true,\"valueName\":\"search_term_string\"}}],\"inLanguage\":\"pt-BR\"},{\"@type\":\"Organization\",\"@id\":\"https:\/\/grupobraco.com.br\/conteudo\/#organization\",\"name\":\"Br A\u00e7o\",\"url\":\"https:\/\/grupobraco.com.br\/conteudo\/\",\"logo\":{\"@type\":\"ImageObject\",\"inLanguage\":\"pt-BR\",\"@id\":\"https:\/\/grupobraco.com.br\/conteudo\/#\/schema\/logo\/image\/\",\"url\":\"https:\/\/grupobraco.com.br\/conteudo\/wp-content\/uploads\/2025\/04\/Z340-Logotipia-Reestruturacao-do-Branding.png\",\"contentUrl\":\"https:\/\/grupobraco.com.br\/conteudo\/wp-content\/uploads\/2025\/04\/Z340-Logotipia-Reestruturacao-do-Branding.png\",\"width\":1530,\"height\":1080,\"caption\":\"Br A\u00e7o\"},\"image\":{\"@id\":\"https:\/\/grupobraco.com.br\/conteudo\/#\/schema\/logo\/image\/\"}}]}<\/script>\n<!-- \/ Yoast SEO plugin. -->","yoast_head_json":{"title":"Onde Comprar Vergalh\u00e3o em Trindade com Qualidade na BR A\u00e7o","description":"Descubra onde comprar vergalh\u00e3o em Trindade com a BR A\u00e7o, a l\u00edder em qualidade e agilidade na entrega de materiais para sua constru\u00e7\u00e3o.","robots":{"index":"index","follow":"follow","max-snippet":"max-snippet:-1","max-image-preview":"max-image-preview:large","max-video-preview":"max-video-preview:-1"},"canonical":"https:\/\/grupobraco.com.br\/conteudo\/onde-comprar-vergalhao-em-trindade-a-melhor-opcao-e-a-br-aco\/","og_locale":"pt_BR","og_type":"article","og_title":"Onde Comprar Vergalh\u00e3o em Trindade com Qualidade na BR A\u00e7o","og_description":"Descubra onde comprar vergalh\u00e3o em Trindade com a BR A\u00e7o, a l\u00edder em qualidade e agilidade na entrega de materiais para sua constru\u00e7\u00e3o.","og_url":"https:\/\/grupobraco.com.br\/conteudo\/onde-comprar-vergalhao-em-trindade-a-melhor-opcao-e-a-br-aco\/","og_site_name":"Br A\u00e7o","twitter_card":"summary_large_image","twitter_misc":{"Est. tempo de leitura":"1 minuto"},"schema":{"@context":"https:\/\/schema.org","@graph":[{"@type":"WebPage","@id":"https:\/\/grupobraco.com.br\/conteudo\/onde-comprar-vergalhao-em-trindade-a-melhor-opcao-e-a-br-aco\/","url":"https:\/\/grupobraco.com.br\/conteudo\/onde-comprar-vergalhao-em-trindade-a-melhor-opcao-e-a-br-aco\/","name":"Onde Comprar Vergalh\u00e3o em Trindade com Qualidade na BR A\u00e7o","isPartOf":{"@id":"https:\/\/grupobraco.com.br\/conteudo\/#website"},"datePublished":"2025-04-03T20:46:11+00:00","dateModified":"2025-04-03T20:46:11+00:00","description":"Descubra onde comprar vergalh\u00e3o em Trindade com a BR A\u00e7o, a l\u00edder em qualidade e agilidade na entrega de materiais para sua constru\u00e7\u00e3o.","breadcrumb":{"@id":"https:\/\/grupobraco.com.br\/conteudo\/onde-comprar-vergalhao-em-trindade-a-melhor-opcao-e-a-br-aco\/#breadcrumb"},"inLanguage":"pt-BR","potentialAction":[{"@type":"ReadAction","target":["https:\/\/grupobraco.com.br\/conteudo\/onde-comprar-vergalhao-em-trindade-a-melhor-opcao-e-a-br-aco\/"]}]},{"@type":"BreadcrumbList","@id":"https:\/\/grupobraco.com.br\/conteudo\/onde-comprar-vergalhao-em-trindade-a-melhor-opcao-e-a-br-aco\/#breadcrumb","itemListElement":[{"@type":"ListItem","position":1,"name":"Home","item":"https:\/\/grupobraco.com.br\/conteudo\/"},{"@type":"ListItem","position":2,"name":"Onde Comprar Vergalh\u00e3o em Trindade: A Melhor Op\u00e7\u00e3o \u00e9 a BR A\u00e7o"}]},{"@type":"WebSite","@id":"https:\/\/grupobraco.com.br\/conteudo\/#website","url":"https:\/\/grupobraco.com.br\/conteudo\/","name":"Br A\u00e7o","description":"Seus projetos na velocidade m\u00e1xima","publisher":{"@id":"https:\/\/grupobraco.com.br\/conteudo\/#organization"},"potentialAction":[{"@type":"SearchAction","target":{"@type":"EntryPoint","urlTemplate":"https:\/\/grupobraco.com.br\/conteudo\/?s={search_term_string}"},"query-input":{"@type":"PropertyValueSpecification","valueRequired":true,"valueName":"search_term_string"}}],"inLanguage":"pt-BR"},{"@type":"Organization","@id":"https:\/\/grupobraco.com.br\/conteudo\/#organization","name":"Br A\u00e7o","url":"https:\/\/grupobraco.com.br\/conteudo\/","logo":{"@type":"ImageObject","inLanguage":"pt-BR","@id":"https:\/\/grupobraco.com.br\/conteudo\/#\/schema\/logo\/image\/","url":"https:\/\/grupobraco.com.br\/conteudo\/wp-content\/uploads\/2025\/04\/Z340-Logotipia-Reestruturacao-do-Branding.png","contentUrl":"https:\/\/grupobraco.com.br\/conteudo\/wp-content\/uploads\/2025\/04\/Z340-Logotipia-Reestruturacao-do-Branding.png","width":1530,"height":1080,"caption":"Br A\u00e7o"},"image":{"@id":"https:\/\/grupobraco.com.br\/conteudo\/#\/schema\/logo\/image\/"}}]}},"_links":{"self":[{"href":"https:\/\/grupobraco.com.br\/conteudo\/wp-json\/wp\/v2\/pages\/2403","targetHints":{"allow":["GET"]}}],"collection":[{"href":"https:\/\/grupobraco.com.br\/conteudo\/wp-json\/wp\/v2\/pages"}],"about":[{"href":"https:\/\/grupobraco.com.br\/conteudo\/wp-json\/wp\/v2\/types\/page"}],"author":[{"embeddable":true,"href":"https:\/\/grupobraco.com.br\/conteudo\/wp-json\/wp\/v2\/users\/3"}],"replies":[{"embeddable":true,"href":"https:\/\/grupobraco.com.br\/conteudo\/wp-json\/wp\/v2\/comments?post=2403"}],"version-history":[{"count":0,"href":"https:\/\/grupobraco.com.br\/conteudo\/wp-json\/wp\/v2\/pages\/2403\/revisions"}],"wp:attachment":[{"href":"https:\/\/grupobraco.com.br\/conteudo\/wp-json\/wp\/v2\/media?parent=2403"}],"curies":[{"name":"wp","href":"https:\/\/api.w.org\/{rel}","templated":true}]}}