{"id":2236,"date":"2025-04-02T23:46:07","date_gmt":"2025-04-02T23:46:07","guid":{"rendered":"https:\/\/grupobraco.com.br\/conteudo\/descubra-onde-comprar-vergalhao-em-formosa-com-qualidade-e-agilidade\/"},"modified":"2025-04-02T23:46:07","modified_gmt":"2025-04-02T23:46:07","slug":"descubra-onde-comprar-vergalhao-em-formosa-com-qualidade-e-agilidade","status":"publish","type":"page","link":"https:\/\/grupobraco.com.br\/conteudo\/descubra-onde-comprar-vergalhao-em-formosa-com-qualidade-e-agilidade\/","title":{"rendered":"Descubra Onde Comprar Vergalh\u00e3o em Formosa com Qualidade e Agilidade"},"content":{"rendered":"<p>Se voc\u00ea est\u00e1 em busca de onde comprar vergalh\u00e3o em Formosa, \u00e9 essencial entender a import\u00e2ncia de escolher um fornecedor confi\u00e1vel. O vergalh\u00e3o \u00e9 um dos principais materiais utilizados na constru\u00e7\u00e3o civil, sendo essencial para garantir a seguran\u00e7a e a durabilidade das estruturas. A BR A\u00e7o se destaca como a melhor op\u00e7\u00e3o para quem precisa de vergalh\u00e3o de alta qualidade na regi\u00e3o. Nossa empresa, com anos de experi\u00eancia, oferece produtos que atendem aos mais rigorosos padr\u00f5es de qualidade, al\u00e9m de um atendimento que prioriza a agilidade e a efici\u00eancia. Com nossa equipe especializada, buscamos sempre atender \u00e0s necessidades dos nossos clientes, proporcionando um fornecimento pontual e seguro do vergalh\u00e3o. Aqui, voc\u00ea n\u00e3o apenas encontra onde comprar vergalh\u00e3o em Formosa, mas tamb\u00e9m obt\u00e9m um suporte completo para cada etapa do seu projeto, assegurando que tudo ocorra conforme planejado e sem contratempos. Desde a escolha do tipo de vergalh\u00e3o adequado at\u00e9 a entrega na sua obra, a BR A\u00e7o est\u00e1 sempre ao seu lado, garantindo que os seus projetos sejam realizados na velocidade m\u00e1xima. Ao optar por trabalhar conosco, voc\u00ea pode ter certeza de que est\u00e1 fazendo uma escolha inteligente, confiando na expertise de quem realmente conhece o mercado e as necessidades da constru\u00e7\u00e3o civil. Nossa reputa\u00e7\u00e3o \u00e9 constru\u00edda sobre a confian\u00e7a e no reconhecimento dos nossos clientes, que sempre indicam nossos servi\u00e7os a amigos e parceiros. Portanto, se voc\u00ea pergunta onde comprar vergalh\u00e3o em Formosa, a resposta \u00e9 clara: na BR A\u00e7o, onde sua satisfa\u00e7\u00e3o e seu projeto s\u00e3o a nossa prioridade.<\/p>\n","protected":false},"excerpt":{"rendered":"<p>Se voc\u00ea est\u00e1 em busca de onde comprar vergalh\u00e3o em Formosa, \u00e9 essencial entender a import\u00e2ncia de escolher um fornecedor confi\u00e1vel. O vergalh\u00e3o \u00e9 um dos principais materiais utilizados na constru\u00e7\u00e3o civil, sendo essencial para garantir a seguran\u00e7a e a durabilidade das estruturas. A BR A\u00e7o se destaca como a melhor op\u00e7\u00e3o para quem precisa&hellip;&nbsp;<a href=\"https:\/\/grupobraco.com.br\/conteudo\/descubra-onde-comprar-vergalhao-em-formosa-com-qualidade-e-agilidade\/\" class=\"\" rel=\"bookmark\">Continue a ler &raquo;<span class=\"screen-reader-text\">Descubra Onde Comprar Vergalh\u00e3o em Formosa com Qualidade e Agilidade<\/span><\/a><\/p>\n","protected":false},"author":3,"featured_media":0,"parent":0,"menu_order":0,"comment_status":"closed","ping_status":"closed","template":"","meta":{"_acf_changed":false,"_yoast_wpseo_focuskw":"onde comprar vergalh\u00e3o em Formosa","_yoast_wpseo_title":"Onde Comprar Vergalh\u00e3o em Formosa: Sua Melhor Op\u00e7\u00e3o \u00e9 a BR A\u00e7o","_yoast_wpseo_metadesc":"Encontre onde comprar vergalh\u00e3o em Formosa com a BR A\u00e7o, a melhor op\u00e7\u00e3o em qualidade e entrega r\u00e1pida na constru\u00e7\u00e3o civil.","neve_meta_sidebar":"","neve_meta_container":"","neve_meta_enable_content_width":"","neve_meta_content_width":0,"neve_meta_title_alignment":"","neve_meta_author_avatar":"","neve_post_elements_order":"","neve_meta_disable_header":"","neve_meta_disable_footer":"","neve_meta_disable_title":"","footnotes":""},"class_list":["post-2236","page","type-page","status-publish","hentry"],"acf":{"introducao":"","conceitos_fundamentais":"","como_funciona":"","como_aplicar_no_dia_a_dia":"","principais_utilizacoes_e_beneficios":"","tipos_e_classificacoes":"","tecnologias_e_ferramentas_relacionadas":"","exemplos_e_casos_de_sucesso":"","mitos_e_verdades":"","perguntas_frequentes_faq":"","erros_comuns_e_como_evita-los":"","futuro_e_tendencias":"","conclusao":"","bloco1title":"Qualidade Superior","bloco1text":"Oferecemos vergalh\u00f5es de alta qualidade que garantem seguran\u00e7a e durabilidade em suas obras.","bloco2title":"Entrega R\u00e1pida","bloco2text":"Compromisso com prazos curtos para que seus projetos avancem sem atrasos.","bloco3title":"A import\u00e2ncia do Vergalh\u00e3o","bloco3text":"O vergalh\u00e3o \u00e9 fundamental para a estrutura da constru\u00e7\u00e3o, proporcionando resist\u00eancia e estabilidade.","insightwidtitle":"Curiosidades sobre o Vergalh\u00e3o","insightwidcontent":"O vergalh\u00e3o, utilizado na constru\u00e7\u00e3o civil, \u00e9 feito de a\u00e7o e \u00e9 essencial para refor\u00e7ar concretos. Sua produ\u00e7\u00e3o requer t\u00e9cnicas espec\u00edficas para garantir que suporte altas tens\u00f5es. Embora sua apar\u00eancia simples deixe d\u00favidas sobre sua import\u00e2ncia, o vergalh\u00e3o \u00e9 fundamental na estabilidade e seguran\u00e7a de edif\u00edcios e estradas. Muitas vezes, o vergalh\u00e3o utilizado \u00e9 resultado de processos que garantem resist\u00eancia contra corros\u00e3o e outros fatores, prolongando assim a vida \u00fatil das estruturas."},"yoast_head":"<!-- This site is optimized with the Yoast SEO plugin v23.4 - https:\/\/yoast.com\/wordpress\/plugins\/seo\/ -->\n<title>Onde Comprar Vergalh\u00e3o em Formosa: Sua Melhor Op\u00e7\u00e3o \u00e9 a BR A\u00e7o<\/title>\n<meta name=\"description\" content=\"Encontre onde comprar vergalh\u00e3o em Formosa com a BR A\u00e7o, a melhor op\u00e7\u00e3o em qualidade e entrega r\u00e1pida na constru\u00e7\u00e3o civil.\" \/>\n<meta name=\"robots\" content=\"index, follow, max-snippet:-1, max-image-preview:large, max-video-preview:-1\" \/>\n<link rel=\"canonical\" href=\"https:\/\/grupobraco.com.br\/conteudo\/descubra-onde-comprar-vergalhao-em-formosa-com-qualidade-e-agilidade\/\" \/>\n<meta property=\"og:locale\" content=\"pt_BR\" \/>\n<meta property=\"og:type\" content=\"article\" \/>\n<meta property=\"og:title\" content=\"Onde Comprar Vergalh\u00e3o em Formosa: Sua Melhor Op\u00e7\u00e3o \u00e9 a BR A\u00e7o\" \/>\n<meta property=\"og:description\" content=\"Encontre onde comprar vergalh\u00e3o em Formosa com a BR A\u00e7o, a melhor op\u00e7\u00e3o em qualidade e entrega r\u00e1pida na constru\u00e7\u00e3o civil.\" \/>\n<meta property=\"og:url\" content=\"https:\/\/grupobraco.com.br\/conteudo\/descubra-onde-comprar-vergalhao-em-formosa-com-qualidade-e-agilidade\/\" \/>\n<meta property=\"og:site_name\" content=\"Br A\u00e7o\" \/>\n<meta name=\"twitter:card\" content=\"summary_large_image\" \/>\n<meta name=\"twitter:label1\" content=\"Est. tempo de leitura\" \/>\n\t<meta name=\"twitter:data1\" content=\"1 minuto\" \/>\n<script type=\"application\/ld+json\" class=\"yoast-schema-graph\">{\"@context\":\"https:\/\/schema.org\",\"@graph\":[{\"@type\":\"WebPage\",\"@id\":\"https:\/\/grupobraco.com.br\/conteudo\/descubra-onde-comprar-vergalhao-em-formosa-com-qualidade-e-agilidade\/\",\"url\":\"https:\/\/grupobraco.com.br\/conteudo\/descubra-onde-comprar-vergalhao-em-formosa-com-qualidade-e-agilidade\/\",\"name\":\"Onde Comprar Vergalh\u00e3o em Formosa: Sua Melhor Op\u00e7\u00e3o \u00e9 a BR A\u00e7o\",\"isPartOf\":{\"@id\":\"https:\/\/grupobraco.com.br\/conteudo\/#website\"},\"datePublished\":\"2025-04-02T23:46:07+00:00\",\"dateModified\":\"2025-04-02T23:46:07+00:00\",\"description\":\"Encontre onde comprar vergalh\u00e3o em Formosa com a BR A\u00e7o, a melhor op\u00e7\u00e3o em qualidade e entrega r\u00e1pida na constru\u00e7\u00e3o civil.\",\"breadcrumb\":{\"@id\":\"https:\/\/grupobraco.com.br\/conteudo\/descubra-onde-comprar-vergalhao-em-formosa-com-qualidade-e-agilidade\/#breadcrumb\"},\"inLanguage\":\"pt-BR\",\"potentialAction\":[{\"@type\":\"ReadAction\",\"target\":[\"https:\/\/grupobraco.com.br\/conteudo\/descubra-onde-comprar-vergalhao-em-formosa-com-qualidade-e-agilidade\/\"]}]},{\"@type\":\"BreadcrumbList\",\"@id\":\"https:\/\/grupobraco.com.br\/conteudo\/descubra-onde-comprar-vergalhao-em-formosa-com-qualidade-e-agilidade\/#breadcrumb\",\"itemListElement\":[{\"@type\":\"ListItem\",\"position\":1,\"name\":\"Home\",\"item\":\"https:\/\/grupobraco.com.br\/conteudo\/\"},{\"@type\":\"ListItem\",\"position\":2,\"name\":\"Descubra Onde Comprar Vergalh\u00e3o em Formosa com Qualidade e Agilidade\"}]},{\"@type\":\"WebSite\",\"@id\":\"https:\/\/grupobraco.com.br\/conteudo\/#website\",\"url\":\"https:\/\/grupobraco.com.br\/conteudo\/\",\"name\":\"Br A\u00e7o\",\"description\":\"Seus projetos na velocidade m\u00e1xima\",\"publisher\":{\"@id\":\"https:\/\/grupobraco.com.br\/conteudo\/#organization\"},\"potentialAction\":[{\"@type\":\"SearchAction\",\"target\":{\"@type\":\"EntryPoint\",\"urlTemplate\":\"https:\/\/grupobraco.com.br\/conteudo\/?s={search_term_string}\"},\"query-input\":{\"@type\":\"PropertyValueSpecification\",\"valueRequired\":true,\"valueName\":\"search_term_string\"}}],\"inLanguage\":\"pt-BR\"},{\"@type\":\"Organization\",\"@id\":\"https:\/\/grupobraco.com.br\/conteudo\/#organization\",\"name\":\"Br A\u00e7o\",\"url\":\"https:\/\/grupobraco.com.br\/conteudo\/\",\"logo\":{\"@type\":\"ImageObject\",\"inLanguage\":\"pt-BR\",\"@id\":\"https:\/\/grupobraco.com.br\/conteudo\/#\/schema\/logo\/image\/\",\"url\":\"https:\/\/grupobraco.com.br\/conteudo\/wp-content\/uploads\/2025\/04\/Z340-Logotipia-Reestruturacao-do-Branding.png\",\"contentUrl\":\"https:\/\/grupobraco.com.br\/conteudo\/wp-content\/uploads\/2025\/04\/Z340-Logotipia-Reestruturacao-do-Branding.png\",\"width\":1530,\"height\":1080,\"caption\":\"Br A\u00e7o\"},\"image\":{\"@id\":\"https:\/\/grupobraco.com.br\/conteudo\/#\/schema\/logo\/image\/\"}}]}<\/script>\n<!-- \/ Yoast SEO plugin. -->","yoast_head_json":{"title":"Onde Comprar Vergalh\u00e3o em Formosa: Sua Melhor Op\u00e7\u00e3o \u00e9 a BR A\u00e7o","description":"Encontre onde comprar vergalh\u00e3o em Formosa com a BR A\u00e7o, a melhor op\u00e7\u00e3o em qualidade e entrega r\u00e1pida na constru\u00e7\u00e3o civil.","robots":{"index":"index","follow":"follow","max-snippet":"max-snippet:-1","max-image-preview":"max-image-preview:large","max-video-preview":"max-video-preview:-1"},"canonical":"https:\/\/grupobraco.com.br\/conteudo\/descubra-onde-comprar-vergalhao-em-formosa-com-qualidade-e-agilidade\/","og_locale":"pt_BR","og_type":"article","og_title":"Onde Comprar Vergalh\u00e3o em Formosa: Sua Melhor Op\u00e7\u00e3o \u00e9 a BR A\u00e7o","og_description":"Encontre onde comprar vergalh\u00e3o em Formosa com a BR A\u00e7o, a melhor op\u00e7\u00e3o em qualidade e entrega r\u00e1pida na constru\u00e7\u00e3o civil.","og_url":"https:\/\/grupobraco.com.br\/conteudo\/descubra-onde-comprar-vergalhao-em-formosa-com-qualidade-e-agilidade\/","og_site_name":"Br A\u00e7o","twitter_card":"summary_large_image","twitter_misc":{"Est. tempo de leitura":"1 minuto"},"schema":{"@context":"https:\/\/schema.org","@graph":[{"@type":"WebPage","@id":"https:\/\/grupobraco.com.br\/conteudo\/descubra-onde-comprar-vergalhao-em-formosa-com-qualidade-e-agilidade\/","url":"https:\/\/grupobraco.com.br\/conteudo\/descubra-onde-comprar-vergalhao-em-formosa-com-qualidade-e-agilidade\/","name":"Onde Comprar Vergalh\u00e3o em Formosa: Sua Melhor Op\u00e7\u00e3o \u00e9 a BR A\u00e7o","isPartOf":{"@id":"https:\/\/grupobraco.com.br\/conteudo\/#website"},"datePublished":"2025-04-02T23:46:07+00:00","dateModified":"2025-04-02T23:46:07+00:00","description":"Encontre onde comprar vergalh\u00e3o em Formosa com a BR A\u00e7o, a melhor op\u00e7\u00e3o em qualidade e entrega r\u00e1pida na constru\u00e7\u00e3o civil.","breadcrumb":{"@id":"https:\/\/grupobraco.com.br\/conteudo\/descubra-onde-comprar-vergalhao-em-formosa-com-qualidade-e-agilidade\/#breadcrumb"},"inLanguage":"pt-BR","potentialAction":[{"@type":"ReadAction","target":["https:\/\/grupobraco.com.br\/conteudo\/descubra-onde-comprar-vergalhao-em-formosa-com-qualidade-e-agilidade\/"]}]},{"@type":"BreadcrumbList","@id":"https:\/\/grupobraco.com.br\/conteudo\/descubra-onde-comprar-vergalhao-em-formosa-com-qualidade-e-agilidade\/#breadcrumb","itemListElement":[{"@type":"ListItem","position":1,"name":"Home","item":"https:\/\/grupobraco.com.br\/conteudo\/"},{"@type":"ListItem","position":2,"name":"Descubra Onde Comprar Vergalh\u00e3o em Formosa com Qualidade e Agilidade"}]},{"@type":"WebSite","@id":"https:\/\/grupobraco.com.br\/conteudo\/#website","url":"https:\/\/grupobraco.com.br\/conteudo\/","name":"Br A\u00e7o","description":"Seus projetos na velocidade m\u00e1xima","publisher":{"@id":"https:\/\/grupobraco.com.br\/conteudo\/#organization"},"potentialAction":[{"@type":"SearchAction","target":{"@type":"EntryPoint","urlTemplate":"https:\/\/grupobraco.com.br\/conteudo\/?s={search_term_string}"},"query-input":{"@type":"PropertyValueSpecification","valueRequired":true,"valueName":"search_term_string"}}],"inLanguage":"pt-BR"},{"@type":"Organization","@id":"https:\/\/grupobraco.com.br\/conteudo\/#organization","name":"Br A\u00e7o","url":"https:\/\/grupobraco.com.br\/conteudo\/","logo":{"@type":"ImageObject","inLanguage":"pt-BR","@id":"https:\/\/grupobraco.com.br\/conteudo\/#\/schema\/logo\/image\/","url":"https:\/\/grupobraco.com.br\/conteudo\/wp-content\/uploads\/2025\/04\/Z340-Logotipia-Reestruturacao-do-Branding.png","contentUrl":"https:\/\/grupobraco.com.br\/conteudo\/wp-content\/uploads\/2025\/04\/Z340-Logotipia-Reestruturacao-do-Branding.png","width":1530,"height":1080,"caption":"Br A\u00e7o"},"image":{"@id":"https:\/\/grupobraco.com.br\/conteudo\/#\/schema\/logo\/image\/"}}]}},"_links":{"self":[{"href":"https:\/\/grupobraco.com.br\/conteudo\/wp-json\/wp\/v2\/pages\/2236","targetHints":{"allow":["GET"]}}],"collection":[{"href":"https:\/\/grupobraco.com.br\/conteudo\/wp-json\/wp\/v2\/pages"}],"about":[{"href":"https:\/\/grupobraco.com.br\/conteudo\/wp-json\/wp\/v2\/types\/page"}],"author":[{"embeddable":true,"href":"https:\/\/grupobraco.com.br\/conteudo\/wp-json\/wp\/v2\/users\/3"}],"replies":[{"embeddable":true,"href":"https:\/\/grupobraco.com.br\/conteudo\/wp-json\/wp\/v2\/comments?post=2236"}],"version-history":[{"count":0,"href":"https:\/\/grupobraco.com.br\/conteudo\/wp-json\/wp\/v2\/pages\/2236\/revisions"}],"wp:attachment":[{"href":"https:\/\/grupobraco.com.br\/conteudo\/wp-json\/wp\/v2\/media?parent=2236"}],"curies":[{"name":"wp","href":"https:\/\/api.w.org\/{rel}","templated":true}]}}