{"id":2206,"date":"2025-04-02T20:00:52","date_gmt":"2025-04-02T20:00:52","guid":{"rendered":"https:\/\/grupobraco.com.br\/conteudo\/descubra-onde-comprar-vergalhao-em-formosa-a-solucao-ideal-para-seus-projetos\/"},"modified":"2025-04-02T20:00:52","modified_gmt":"2025-04-02T20:00:52","slug":"descubra-onde-comprar-vergalhao-em-formosa-a-solucao-ideal-para-seus-projetos","status":"publish","type":"page","link":"https:\/\/grupobraco.com.br\/conteudo\/descubra-onde-comprar-vergalhao-em-formosa-a-solucao-ideal-para-seus-projetos\/","title":{"rendered":"Descubra Onde Comprar Vergalh\u00e3o em Formosa: A Solu\u00e7\u00e3o Ideal para Seus Projetos"},"content":{"rendered":"<p>Se voc\u00ea est\u00e1 em busca de onde comprar vergalh\u00e3o em Formosa, est\u00e1 no lugar certo! Aqui, vamos explorar as melhores op\u00e7\u00f5es dispon\u00edveis, os fatores que voc\u00ea deve considerar ao fazer sua escolha e, claro, por que a BR A\u00e7o se destaca nesse cen\u00e1rio. O vergalh\u00e3o \u00e9 um elemento fundamental em diversas obras de constru\u00e7\u00e3o civil, sendo imprescind\u00edvel para garantir a resist\u00eancia e a durabilidade das estruturas. A qualidade do material \u00e9 vital para o sucesso de qualquer projeto, portanto, a escolha do fornecedor certo faz toda a diferen\u00e7a. Neste artigo, voc\u00ea ver\u00e1 mais sobre onde comprar vergalh\u00e3o em Formosa e como a BR A\u00e7o pode ser sua melhor op\u00e7\u00e3o. A experi\u00eancia e a confiabilidade s\u00e3o caracter\u00edsticas que n\u00e3o podem ser ignoradas na hora de escolher a empresa certa. Refor\u00e7aremos a import\u00e2ncia de adquirir produtos de empresas reconhecidas do setor, pois elas t\u00eam anos de atua\u00e7\u00e3o e um hist\u00f3rico comprovado de qualidade. Al\u00e9m disso, falaremos sobre a necessidade de um atendimento diferenciado e de uma entrega pontual, caracter\u00edsticas que voc\u00ea certamente encontrar\u00e1 na BR A\u00e7o, que tem constru\u00eddo uma reputa\u00e7\u00e3o s\u00f3lida no mercado de Goi\u00e1s. Prepare-se para se aprofundar no universo do vergalh\u00e3o, descobrir onde comprar vergalh\u00e3o em Formosa e conhecer alguns servi\u00e7os que a BR A\u00e7o oferece, que podem impulsionar seus projetos para outra dimens\u00e3o.<\/p>\n","protected":false},"excerpt":{"rendered":"<p>Se voc\u00ea est\u00e1 em busca de onde comprar vergalh\u00e3o em Formosa, est\u00e1 no lugar certo! Aqui, vamos explorar as melhores op\u00e7\u00f5es dispon\u00edveis, os fatores que voc\u00ea deve considerar ao fazer sua escolha e, claro, por que a BR A\u00e7o se destaca nesse cen\u00e1rio. O vergalh\u00e3o \u00e9 um elemento fundamental em diversas obras de constru\u00e7\u00e3o civil,&hellip;&nbsp;<a href=\"https:\/\/grupobraco.com.br\/conteudo\/descubra-onde-comprar-vergalhao-em-formosa-a-solucao-ideal-para-seus-projetos\/\" class=\"\" rel=\"bookmark\">Continue a ler &raquo;<span class=\"screen-reader-text\">Descubra Onde Comprar Vergalh\u00e3o em Formosa: A Solu\u00e7\u00e3o Ideal para Seus Projetos<\/span><\/a><\/p>\n","protected":false},"author":3,"featured_media":0,"parent":0,"menu_order":0,"comment_status":"closed","ping_status":"closed","template":"","meta":{"_acf_changed":false,"_yoast_wpseo_focuskw":"onde comprar vergalh\u00e3o em Formosa","_yoast_wpseo_title":"Onde Comprar Vergalh\u00e3o em Formosa com Alta Qualidade e Entrega R\u00e1pida","_yoast_wpseo_metadesc":"Encontre o melhor vergalh\u00e3o em Formosa com a BR A\u00e7o, a maior fornecedora de a\u00e7o do estado.","neve_meta_sidebar":"","neve_meta_container":"","neve_meta_enable_content_width":"","neve_meta_content_width":0,"neve_meta_title_alignment":"","neve_meta_author_avatar":"","neve_post_elements_order":"","neve_meta_disable_header":"","neve_meta_disable_footer":"","neve_meta_disable_title":"","footnotes":""},"class_list":["post-2206","page","type-page","status-publish","hentry"],"acf":{"introducao":"","conceitos_fundamentais":"","como_funciona":"","como_aplicar_no_dia_a_dia":"","principais_utilizacoes_e_beneficios":"","tipos_e_classificacoes":"","tecnologias_e_ferramentas_relacionadas":"","exemplos_e_casos_de_sucesso":"","mitos_e_verdades":"","perguntas_frequentes_faq":"","erros_comuns_e_como_evita-los":"","futuro_e_tendencias":"","conclusao":"","bloco1title":"Qualidade Superior","bloco1text":"Na BR A\u00e7o, o vergalh\u00e3o \u00e9 produzido com materiais de alta qualidade, garantindo durabilidade e seguran\u00e7a nas suas obras.","bloco2title":"Entrega R\u00e1pida","bloco2text":"Compromisso com a pontualidade: entregue o vergalh\u00e3o na data que voc\u00ea precisa.","bloco3title":"Atendimento Especializado","bloco3text":"Uma equipe experiente pronta para ajudar. Na BR A\u00e7o, voc\u00ea n\u00e3o s\u00f3 compra, mas recebe consultoria especializada para seus projetos.","insightwidtitle":"Curiosidades Sobre Vergalh\u00e3o","insightwidcontent":"Voc\u00ea sabia que o vergalh\u00e3o \u00e9 produzido principalmente a partir de a\u00e7o-carbono? Isso garante a resist\u00eancia mec\u00e2nica necess\u00e1ria para suportar grandes cargas. Na constru\u00e7\u00e3o civil, a utiliza\u00e7\u00e3o correta do vergalh\u00e3o pode significar a diferen\u00e7a entre uma obra duradoura e uma propensa a falhas estruturais. Fique ligado nas obras que utilizam vergalh\u00e3o de qualidade, como o da BR A\u00e7o, para garantir a seguran\u00e7a e durabilidade do seu projeto."},"yoast_head":"<!-- This site is optimized with the Yoast SEO plugin v23.4 - https:\/\/yoast.com\/wordpress\/plugins\/seo\/ -->\n<title>Onde Comprar Vergalh\u00e3o em Formosa com Alta Qualidade e Entrega R\u00e1pida<\/title>\n<meta name=\"description\" content=\"Encontre o melhor vergalh\u00e3o em Formosa com a BR A\u00e7o, a maior fornecedora de a\u00e7o do estado.\" \/>\n<meta name=\"robots\" content=\"index, follow, max-snippet:-1, max-image-preview:large, max-video-preview:-1\" \/>\n<link rel=\"canonical\" href=\"https:\/\/grupobraco.com.br\/conteudo\/descubra-onde-comprar-vergalhao-em-formosa-a-solucao-ideal-para-seus-projetos\/\" \/>\n<meta property=\"og:locale\" content=\"pt_BR\" \/>\n<meta property=\"og:type\" content=\"article\" \/>\n<meta property=\"og:title\" content=\"Onde Comprar Vergalh\u00e3o em Formosa com Alta Qualidade e Entrega R\u00e1pida\" \/>\n<meta property=\"og:description\" content=\"Encontre o melhor vergalh\u00e3o em Formosa com a BR A\u00e7o, a maior fornecedora de a\u00e7o do estado.\" \/>\n<meta property=\"og:url\" content=\"https:\/\/grupobraco.com.br\/conteudo\/descubra-onde-comprar-vergalhao-em-formosa-a-solucao-ideal-para-seus-projetos\/\" \/>\n<meta property=\"og:site_name\" content=\"Br A\u00e7o\" \/>\n<meta name=\"twitter:card\" content=\"summary_large_image\" \/>\n<meta name=\"twitter:label1\" content=\"Est. tempo de leitura\" \/>\n\t<meta name=\"twitter:data1\" content=\"1 minuto\" \/>\n<script type=\"application\/ld+json\" class=\"yoast-schema-graph\">{\"@context\":\"https:\/\/schema.org\",\"@graph\":[{\"@type\":\"WebPage\",\"@id\":\"https:\/\/grupobraco.com.br\/conteudo\/descubra-onde-comprar-vergalhao-em-formosa-a-solucao-ideal-para-seus-projetos\/\",\"url\":\"https:\/\/grupobraco.com.br\/conteudo\/descubra-onde-comprar-vergalhao-em-formosa-a-solucao-ideal-para-seus-projetos\/\",\"name\":\"Onde Comprar Vergalh\u00e3o em Formosa com Alta Qualidade e Entrega R\u00e1pida\",\"isPartOf\":{\"@id\":\"https:\/\/grupobraco.com.br\/conteudo\/#website\"},\"datePublished\":\"2025-04-02T20:00:52+00:00\",\"dateModified\":\"2025-04-02T20:00:52+00:00\",\"description\":\"Encontre o melhor vergalh\u00e3o em Formosa com a BR A\u00e7o, a maior fornecedora de a\u00e7o do estado.\",\"breadcrumb\":{\"@id\":\"https:\/\/grupobraco.com.br\/conteudo\/descubra-onde-comprar-vergalhao-em-formosa-a-solucao-ideal-para-seus-projetos\/#breadcrumb\"},\"inLanguage\":\"pt-BR\",\"potentialAction\":[{\"@type\":\"ReadAction\",\"target\":[\"https:\/\/grupobraco.com.br\/conteudo\/descubra-onde-comprar-vergalhao-em-formosa-a-solucao-ideal-para-seus-projetos\/\"]}]},{\"@type\":\"BreadcrumbList\",\"@id\":\"https:\/\/grupobraco.com.br\/conteudo\/descubra-onde-comprar-vergalhao-em-formosa-a-solucao-ideal-para-seus-projetos\/#breadcrumb\",\"itemListElement\":[{\"@type\":\"ListItem\",\"position\":1,\"name\":\"Home\",\"item\":\"https:\/\/grupobraco.com.br\/conteudo\/\"},{\"@type\":\"ListItem\",\"position\":2,\"name\":\"Descubra Onde Comprar Vergalh\u00e3o em Formosa: A Solu\u00e7\u00e3o Ideal para Seus Projetos\"}]},{\"@type\":\"WebSite\",\"@id\":\"https:\/\/grupobraco.com.br\/conteudo\/#website\",\"url\":\"https:\/\/grupobraco.com.br\/conteudo\/\",\"name\":\"Br A\u00e7o\",\"description\":\"Seus projetos na velocidade m\u00e1xima\",\"publisher\":{\"@id\":\"https:\/\/grupobraco.com.br\/conteudo\/#organization\"},\"potentialAction\":[{\"@type\":\"SearchAction\",\"target\":{\"@type\":\"EntryPoint\",\"urlTemplate\":\"https:\/\/grupobraco.com.br\/conteudo\/?s={search_term_string}\"},\"query-input\":{\"@type\":\"PropertyValueSpecification\",\"valueRequired\":true,\"valueName\":\"search_term_string\"}}],\"inLanguage\":\"pt-BR\"},{\"@type\":\"Organization\",\"@id\":\"https:\/\/grupobraco.com.br\/conteudo\/#organization\",\"name\":\"Br A\u00e7o\",\"url\":\"https:\/\/grupobraco.com.br\/conteudo\/\",\"logo\":{\"@type\":\"ImageObject\",\"inLanguage\":\"pt-BR\",\"@id\":\"https:\/\/grupobraco.com.br\/conteudo\/#\/schema\/logo\/image\/\",\"url\":\"https:\/\/grupobraco.com.br\/conteudo\/wp-content\/uploads\/2025\/04\/Z340-Logotipia-Reestruturacao-do-Branding.png\",\"contentUrl\":\"https:\/\/grupobraco.com.br\/conteudo\/wp-content\/uploads\/2025\/04\/Z340-Logotipia-Reestruturacao-do-Branding.png\",\"width\":1530,\"height\":1080,\"caption\":\"Br A\u00e7o\"},\"image\":{\"@id\":\"https:\/\/grupobraco.com.br\/conteudo\/#\/schema\/logo\/image\/\"}}]}<\/script>\n<!-- \/ Yoast SEO plugin. -->","yoast_head_json":{"title":"Onde Comprar Vergalh\u00e3o em Formosa com Alta Qualidade e Entrega R\u00e1pida","description":"Encontre o melhor vergalh\u00e3o em Formosa com a BR A\u00e7o, a maior fornecedora de a\u00e7o do estado.","robots":{"index":"index","follow":"follow","max-snippet":"max-snippet:-1","max-image-preview":"max-image-preview:large","max-video-preview":"max-video-preview:-1"},"canonical":"https:\/\/grupobraco.com.br\/conteudo\/descubra-onde-comprar-vergalhao-em-formosa-a-solucao-ideal-para-seus-projetos\/","og_locale":"pt_BR","og_type":"article","og_title":"Onde Comprar Vergalh\u00e3o em Formosa com Alta Qualidade e Entrega R\u00e1pida","og_description":"Encontre o melhor vergalh\u00e3o em Formosa com a BR A\u00e7o, a maior fornecedora de a\u00e7o do estado.","og_url":"https:\/\/grupobraco.com.br\/conteudo\/descubra-onde-comprar-vergalhao-em-formosa-a-solucao-ideal-para-seus-projetos\/","og_site_name":"Br A\u00e7o","twitter_card":"summary_large_image","twitter_misc":{"Est. tempo de leitura":"1 minuto"},"schema":{"@context":"https:\/\/schema.org","@graph":[{"@type":"WebPage","@id":"https:\/\/grupobraco.com.br\/conteudo\/descubra-onde-comprar-vergalhao-em-formosa-a-solucao-ideal-para-seus-projetos\/","url":"https:\/\/grupobraco.com.br\/conteudo\/descubra-onde-comprar-vergalhao-em-formosa-a-solucao-ideal-para-seus-projetos\/","name":"Onde Comprar Vergalh\u00e3o em Formosa com Alta Qualidade e Entrega R\u00e1pida","isPartOf":{"@id":"https:\/\/grupobraco.com.br\/conteudo\/#website"},"datePublished":"2025-04-02T20:00:52+00:00","dateModified":"2025-04-02T20:00:52+00:00","description":"Encontre o melhor vergalh\u00e3o em Formosa com a BR A\u00e7o, a maior fornecedora de a\u00e7o do estado.","breadcrumb":{"@id":"https:\/\/grupobraco.com.br\/conteudo\/descubra-onde-comprar-vergalhao-em-formosa-a-solucao-ideal-para-seus-projetos\/#breadcrumb"},"inLanguage":"pt-BR","potentialAction":[{"@type":"ReadAction","target":["https:\/\/grupobraco.com.br\/conteudo\/descubra-onde-comprar-vergalhao-em-formosa-a-solucao-ideal-para-seus-projetos\/"]}]},{"@type":"BreadcrumbList","@id":"https:\/\/grupobraco.com.br\/conteudo\/descubra-onde-comprar-vergalhao-em-formosa-a-solucao-ideal-para-seus-projetos\/#breadcrumb","itemListElement":[{"@type":"ListItem","position":1,"name":"Home","item":"https:\/\/grupobraco.com.br\/conteudo\/"},{"@type":"ListItem","position":2,"name":"Descubra Onde Comprar Vergalh\u00e3o em Formosa: A Solu\u00e7\u00e3o Ideal para Seus Projetos"}]},{"@type":"WebSite","@id":"https:\/\/grupobraco.com.br\/conteudo\/#website","url":"https:\/\/grupobraco.com.br\/conteudo\/","name":"Br A\u00e7o","description":"Seus projetos na velocidade m\u00e1xima","publisher":{"@id":"https:\/\/grupobraco.com.br\/conteudo\/#organization"},"potentialAction":[{"@type":"SearchAction","target":{"@type":"EntryPoint","urlTemplate":"https:\/\/grupobraco.com.br\/conteudo\/?s={search_term_string}"},"query-input":{"@type":"PropertyValueSpecification","valueRequired":true,"valueName":"search_term_string"}}],"inLanguage":"pt-BR"},{"@type":"Organization","@id":"https:\/\/grupobraco.com.br\/conteudo\/#organization","name":"Br A\u00e7o","url":"https:\/\/grupobraco.com.br\/conteudo\/","logo":{"@type":"ImageObject","inLanguage":"pt-BR","@id":"https:\/\/grupobraco.com.br\/conteudo\/#\/schema\/logo\/image\/","url":"https:\/\/grupobraco.com.br\/conteudo\/wp-content\/uploads\/2025\/04\/Z340-Logotipia-Reestruturacao-do-Branding.png","contentUrl":"https:\/\/grupobraco.com.br\/conteudo\/wp-content\/uploads\/2025\/04\/Z340-Logotipia-Reestruturacao-do-Branding.png","width":1530,"height":1080,"caption":"Br A\u00e7o"},"image":{"@id":"https:\/\/grupobraco.com.br\/conteudo\/#\/schema\/logo\/image\/"}}]}},"_links":{"self":[{"href":"https:\/\/grupobraco.com.br\/conteudo\/wp-json\/wp\/v2\/pages\/2206","targetHints":{"allow":["GET"]}}],"collection":[{"href":"https:\/\/grupobraco.com.br\/conteudo\/wp-json\/wp\/v2\/pages"}],"about":[{"href":"https:\/\/grupobraco.com.br\/conteudo\/wp-json\/wp\/v2\/types\/page"}],"author":[{"embeddable":true,"href":"https:\/\/grupobraco.com.br\/conteudo\/wp-json\/wp\/v2\/users\/3"}],"replies":[{"embeddable":true,"href":"https:\/\/grupobraco.com.br\/conteudo\/wp-json\/wp\/v2\/comments?post=2206"}],"version-history":[{"count":0,"href":"https:\/\/grupobraco.com.br\/conteudo\/wp-json\/wp\/v2\/pages\/2206\/revisions"}],"wp:attachment":[{"href":"https:\/\/grupobraco.com.br\/conteudo\/wp-json\/wp\/v2\/media?parent=2206"}],"curies":[{"name":"wp","href":"https:\/\/api.w.org\/{rel}","templated":true}]}}