{"id":1968,"date":"2025-04-01T14:00:53","date_gmt":"2025-04-01T14:00:53","guid":{"rendered":"https:\/\/grupobraco.com.br\/conteudo\/descubra-como-o-preco-do-vergalhao-pode-impactar-seu-projeto-de-construcao\/"},"modified":"2025-04-01T14:00:53","modified_gmt":"2025-04-01T14:00:53","slug":"descubra-como-o-preco-do-vergalhao-pode-impactar-seu-projeto-de-construcao","status":"publish","type":"page","link":"https:\/\/grupobraco.com.br\/conteudo\/descubra-como-o-preco-do-vergalhao-pode-impactar-seu-projeto-de-construcao\/","title":{"rendered":"Descubra como o pre\u00e7o do vergalh\u00e3o pode impactar seu projeto de constru\u00e7\u00e3o"},"content":{"rendered":"<p>O pre\u00e7o do vergalh\u00e3o \u00e9 um dos principais fatores que influenciam o or\u00e7amento de qualquer projeto de constru\u00e7\u00e3o civil. Ao considerar a compra desse material essencial, \u00e9 importante n\u00e3o apenas avaliar o custo, mas tamb\u00e9m a qualidade e a efici\u00eancia do fornecedor escolhido. A BR A\u00e7o, reconhecida pela sua excel\u00eancia na ind\u00fastria de a\u00e7o em Goi\u00e1s, se destaca nesse mercado. Com d\u00e9cadas de experi\u00eancia, oferecemos n\u00e3o apenas um pre\u00e7o competitivo para o vergalh\u00e3o, mas tamb\u00e9m um atendimento especializado que garante a melhor experi\u00eancia aos nossos clientes. Nossos produtos s\u00e3o rigorosamente testados para atender aos mais altos padr\u00f5es de qualidade, o que significa que voc\u00ea pode confiar na resist\u00eancia e durabilidade do a\u00e7o que adquiriu. Al\u00e9m disso, nossa efici\u00eancia na entrega \u00e9 um diferencial que mant\u00e9m os seus projetos no ritmo certo. Escolher a BR A\u00e7o para o fornecimento de vergalh\u00f5es significa escolher qualidade e seguran\u00e7a, fundamentais para o sucesso de constru\u00e7\u00f5es residenciais ou comerciais. Portanto, n\u00e3o hesite em consultar os nossos pre\u00e7os de vergalh\u00e3o e descubra como podemos agregar valor ao seu projeto.<\/p>\n","protected":false},"excerpt":{"rendered":"<p>O pre\u00e7o do vergalh\u00e3o \u00e9 um dos principais fatores que influenciam o or\u00e7amento de qualquer projeto de constru\u00e7\u00e3o civil. Ao considerar a compra desse material essencial, \u00e9 importante n\u00e3o apenas avaliar o custo, mas tamb\u00e9m a qualidade e a efici\u00eancia do fornecedor escolhido. A BR A\u00e7o, reconhecida pela sua excel\u00eancia na ind\u00fastria de a\u00e7o em&hellip;&nbsp;<a href=\"https:\/\/grupobraco.com.br\/conteudo\/descubra-como-o-preco-do-vergalhao-pode-impactar-seu-projeto-de-construcao\/\" class=\"\" rel=\"bookmark\">Continue a ler &raquo;<span class=\"screen-reader-text\">Descubra como o pre\u00e7o do vergalh\u00e3o pode impactar seu projeto de constru\u00e7\u00e3o<\/span><\/a><\/p>\n","protected":false},"author":3,"featured_media":0,"parent":0,"menu_order":0,"comment_status":"closed","ping_status":"closed","template":"","meta":{"_acf_changed":false,"_yoast_wpseo_focuskw":"Vergalh\u00e3o pre\u00e7o","_yoast_wpseo_title":"Vergalh\u00e3o pre\u00e7o: tudo o que voc\u00ea precisa saber","_yoast_wpseo_metadesc":"Saiba tudo sobre o pre\u00e7o do vergalh\u00e3o e como ele pode impactar seus projetos de constru\u00e7\u00e3o civil na BR A\u00e7o.","neve_meta_sidebar":"","neve_meta_container":"","neve_meta_enable_content_width":"","neve_meta_content_width":0,"neve_meta_title_alignment":"","neve_meta_author_avatar":"","neve_post_elements_order":"","neve_meta_disable_header":"","neve_meta_disable_footer":"","neve_meta_disable_title":"","footnotes":""},"class_list":["post-1968","page","type-page","status-publish","hentry"],"acf":{"introducao":"","conceitos_fundamentais":"","como_funciona":"","como_aplicar_no_dia_a_dia":"","principais_utilizacoes_e_beneficios":"","tipos_e_classificacoes":"","tecnologias_e_ferramentas_relacionadas":"","exemplos_e_casos_de_sucesso":"","mitos_e_verdades":"","perguntas_frequentes_faq":"","erros_comuns_e_como_evita-los":"","futuro_e_tendencias":"","conclusao":"","bloco1title":"Qualidade Certificada","bloco1text":"Os vergalh\u00f5es da BR A\u00e7o passam por rigorosos testes de qualidade e conformidade com normas t\u00e9cnicas.","bloco2title":"Entrega R\u00e1pida","bloco2text":"Comprometemo-nos a entregar o seu pedido de forma r\u00e1pida e pontual, garantindo agilidade na execu\u00e7\u00e3o da obra.","bloco3title":"Aconselhamento Especializado","bloco3text":"Nossa equipe est\u00e1 sempre pronta para auxiliar na escolha dos materiais e no planejamento do projeto, assegurando a melhor experi\u00eancia.","insightwidtitle":"Curiosidades sobre o vergalh\u00e3o","insightwidcontent":"Al\u00e9m de ser fundamental na constru\u00e7\u00e3o civil, o vergalh\u00e3o desempenha um papel crucial na prote\u00e7\u00e3o contra terremotos. Em edif\u00edcios de grande porte, a utiliza\u00e7\u00e3o de a\u00e7o de qualidade superior contribui para a flexibilidade do edif\u00edcio, permitindo que ele se adapte a movimentos e tens\u00f5es sem comprometer a seguran\u00e7a. Isso demonstra que, ao escolher o vergalh\u00e3o, voc\u00ea n\u00e3o est\u00e1 apenas tomando uma decis\u00e3o econ\u00f4mica, mas uma escolha que envolve seguran\u00e7a e durabilidade."},"yoast_head":"<!-- This site is optimized with the Yoast SEO plugin v23.4 - https:\/\/yoast.com\/wordpress\/plugins\/seo\/ -->\n<title>Vergalh\u00e3o pre\u00e7o: tudo o que voc\u00ea precisa saber<\/title>\n<meta name=\"description\" content=\"Saiba tudo sobre o pre\u00e7o do vergalh\u00e3o e como ele pode impactar seus projetos de constru\u00e7\u00e3o civil na BR A\u00e7o.\" \/>\n<meta name=\"robots\" content=\"index, follow, max-snippet:-1, max-image-preview:large, max-video-preview:-1\" \/>\n<link rel=\"canonical\" href=\"https:\/\/grupobraco.com.br\/conteudo\/descubra-como-o-preco-do-vergalhao-pode-impactar-seu-projeto-de-construcao\/\" \/>\n<meta property=\"og:locale\" content=\"pt_BR\" \/>\n<meta property=\"og:type\" content=\"article\" \/>\n<meta property=\"og:title\" content=\"Vergalh\u00e3o pre\u00e7o: tudo o que voc\u00ea precisa saber\" \/>\n<meta property=\"og:description\" content=\"Saiba tudo sobre o pre\u00e7o do vergalh\u00e3o e como ele pode impactar seus projetos de constru\u00e7\u00e3o civil na BR A\u00e7o.\" \/>\n<meta property=\"og:url\" content=\"https:\/\/grupobraco.com.br\/conteudo\/descubra-como-o-preco-do-vergalhao-pode-impactar-seu-projeto-de-construcao\/\" \/>\n<meta property=\"og:site_name\" content=\"Br A\u00e7o\" \/>\n<meta name=\"twitter:card\" content=\"summary_large_image\" \/>\n<meta name=\"twitter:label1\" content=\"Est. tempo de leitura\" \/>\n\t<meta name=\"twitter:data1\" content=\"1 minuto\" \/>\n<script type=\"application\/ld+json\" class=\"yoast-schema-graph\">{\"@context\":\"https:\/\/schema.org\",\"@graph\":[{\"@type\":\"WebPage\",\"@id\":\"https:\/\/grupobraco.com.br\/conteudo\/descubra-como-o-preco-do-vergalhao-pode-impactar-seu-projeto-de-construcao\/\",\"url\":\"https:\/\/grupobraco.com.br\/conteudo\/descubra-como-o-preco-do-vergalhao-pode-impactar-seu-projeto-de-construcao\/\",\"name\":\"Vergalh\u00e3o pre\u00e7o: tudo o que voc\u00ea precisa saber\",\"isPartOf\":{\"@id\":\"https:\/\/grupobraco.com.br\/conteudo\/#website\"},\"datePublished\":\"2025-04-01T14:00:53+00:00\",\"dateModified\":\"2025-04-01T14:00:53+00:00\",\"description\":\"Saiba tudo sobre o pre\u00e7o do vergalh\u00e3o e como ele pode impactar seus projetos de constru\u00e7\u00e3o civil na BR A\u00e7o.\",\"breadcrumb\":{\"@id\":\"https:\/\/grupobraco.com.br\/conteudo\/descubra-como-o-preco-do-vergalhao-pode-impactar-seu-projeto-de-construcao\/#breadcrumb\"},\"inLanguage\":\"pt-BR\",\"potentialAction\":[{\"@type\":\"ReadAction\",\"target\":[\"https:\/\/grupobraco.com.br\/conteudo\/descubra-como-o-preco-do-vergalhao-pode-impactar-seu-projeto-de-construcao\/\"]}]},{\"@type\":\"BreadcrumbList\",\"@id\":\"https:\/\/grupobraco.com.br\/conteudo\/descubra-como-o-preco-do-vergalhao-pode-impactar-seu-projeto-de-construcao\/#breadcrumb\",\"itemListElement\":[{\"@type\":\"ListItem\",\"position\":1,\"name\":\"Home\",\"item\":\"https:\/\/grupobraco.com.br\/conteudo\/\"},{\"@type\":\"ListItem\",\"position\":2,\"name\":\"Descubra como o pre\u00e7o do vergalh\u00e3o pode impactar seu projeto de constru\u00e7\u00e3o\"}]},{\"@type\":\"WebSite\",\"@id\":\"https:\/\/grupobraco.com.br\/conteudo\/#website\",\"url\":\"https:\/\/grupobraco.com.br\/conteudo\/\",\"name\":\"Br A\u00e7o\",\"description\":\"Seus projetos na velocidade m\u00e1xima\",\"publisher\":{\"@id\":\"https:\/\/grupobraco.com.br\/conteudo\/#organization\"},\"potentialAction\":[{\"@type\":\"SearchAction\",\"target\":{\"@type\":\"EntryPoint\",\"urlTemplate\":\"https:\/\/grupobraco.com.br\/conteudo\/?s={search_term_string}\"},\"query-input\":{\"@type\":\"PropertyValueSpecification\",\"valueRequired\":true,\"valueName\":\"search_term_string\"}}],\"inLanguage\":\"pt-BR\"},{\"@type\":\"Organization\",\"@id\":\"https:\/\/grupobraco.com.br\/conteudo\/#organization\",\"name\":\"Br A\u00e7o\",\"url\":\"https:\/\/grupobraco.com.br\/conteudo\/\",\"logo\":{\"@type\":\"ImageObject\",\"inLanguage\":\"pt-BR\",\"@id\":\"https:\/\/grupobraco.com.br\/conteudo\/#\/schema\/logo\/image\/\",\"url\":\"https:\/\/grupobraco.com.br\/conteudo\/wp-content\/uploads\/2025\/04\/Z340-Logotipia-Reestruturacao-do-Branding.png\",\"contentUrl\":\"https:\/\/grupobraco.com.br\/conteudo\/wp-content\/uploads\/2025\/04\/Z340-Logotipia-Reestruturacao-do-Branding.png\",\"width\":1530,\"height\":1080,\"caption\":\"Br A\u00e7o\"},\"image\":{\"@id\":\"https:\/\/grupobraco.com.br\/conteudo\/#\/schema\/logo\/image\/\"}}]}<\/script>\n<!-- \/ Yoast SEO plugin. -->","yoast_head_json":{"title":"Vergalh\u00e3o pre\u00e7o: tudo o que voc\u00ea precisa saber","description":"Saiba tudo sobre o pre\u00e7o do vergalh\u00e3o e como ele pode impactar seus projetos de constru\u00e7\u00e3o civil na BR A\u00e7o.","robots":{"index":"index","follow":"follow","max-snippet":"max-snippet:-1","max-image-preview":"max-image-preview:large","max-video-preview":"max-video-preview:-1"},"canonical":"https:\/\/grupobraco.com.br\/conteudo\/descubra-como-o-preco-do-vergalhao-pode-impactar-seu-projeto-de-construcao\/","og_locale":"pt_BR","og_type":"article","og_title":"Vergalh\u00e3o pre\u00e7o: tudo o que voc\u00ea precisa saber","og_description":"Saiba tudo sobre o pre\u00e7o do vergalh\u00e3o e como ele pode impactar seus projetos de constru\u00e7\u00e3o civil na BR A\u00e7o.","og_url":"https:\/\/grupobraco.com.br\/conteudo\/descubra-como-o-preco-do-vergalhao-pode-impactar-seu-projeto-de-construcao\/","og_site_name":"Br A\u00e7o","twitter_card":"summary_large_image","twitter_misc":{"Est. tempo de leitura":"1 minuto"},"schema":{"@context":"https:\/\/schema.org","@graph":[{"@type":"WebPage","@id":"https:\/\/grupobraco.com.br\/conteudo\/descubra-como-o-preco-do-vergalhao-pode-impactar-seu-projeto-de-construcao\/","url":"https:\/\/grupobraco.com.br\/conteudo\/descubra-como-o-preco-do-vergalhao-pode-impactar-seu-projeto-de-construcao\/","name":"Vergalh\u00e3o pre\u00e7o: tudo o que voc\u00ea precisa saber","isPartOf":{"@id":"https:\/\/grupobraco.com.br\/conteudo\/#website"},"datePublished":"2025-04-01T14:00:53+00:00","dateModified":"2025-04-01T14:00:53+00:00","description":"Saiba tudo sobre o pre\u00e7o do vergalh\u00e3o e como ele pode impactar seus projetos de constru\u00e7\u00e3o civil na BR A\u00e7o.","breadcrumb":{"@id":"https:\/\/grupobraco.com.br\/conteudo\/descubra-como-o-preco-do-vergalhao-pode-impactar-seu-projeto-de-construcao\/#breadcrumb"},"inLanguage":"pt-BR","potentialAction":[{"@type":"ReadAction","target":["https:\/\/grupobraco.com.br\/conteudo\/descubra-como-o-preco-do-vergalhao-pode-impactar-seu-projeto-de-construcao\/"]}]},{"@type":"BreadcrumbList","@id":"https:\/\/grupobraco.com.br\/conteudo\/descubra-como-o-preco-do-vergalhao-pode-impactar-seu-projeto-de-construcao\/#breadcrumb","itemListElement":[{"@type":"ListItem","position":1,"name":"Home","item":"https:\/\/grupobraco.com.br\/conteudo\/"},{"@type":"ListItem","position":2,"name":"Descubra como o pre\u00e7o do vergalh\u00e3o pode impactar seu projeto de constru\u00e7\u00e3o"}]},{"@type":"WebSite","@id":"https:\/\/grupobraco.com.br\/conteudo\/#website","url":"https:\/\/grupobraco.com.br\/conteudo\/","name":"Br A\u00e7o","description":"Seus projetos na velocidade m\u00e1xima","publisher":{"@id":"https:\/\/grupobraco.com.br\/conteudo\/#organization"},"potentialAction":[{"@type":"SearchAction","target":{"@type":"EntryPoint","urlTemplate":"https:\/\/grupobraco.com.br\/conteudo\/?s={search_term_string}"},"query-input":{"@type":"PropertyValueSpecification","valueRequired":true,"valueName":"search_term_string"}}],"inLanguage":"pt-BR"},{"@type":"Organization","@id":"https:\/\/grupobraco.com.br\/conteudo\/#organization","name":"Br A\u00e7o","url":"https:\/\/grupobraco.com.br\/conteudo\/","logo":{"@type":"ImageObject","inLanguage":"pt-BR","@id":"https:\/\/grupobraco.com.br\/conteudo\/#\/schema\/logo\/image\/","url":"https:\/\/grupobraco.com.br\/conteudo\/wp-content\/uploads\/2025\/04\/Z340-Logotipia-Reestruturacao-do-Branding.png","contentUrl":"https:\/\/grupobraco.com.br\/conteudo\/wp-content\/uploads\/2025\/04\/Z340-Logotipia-Reestruturacao-do-Branding.png","width":1530,"height":1080,"caption":"Br A\u00e7o"},"image":{"@id":"https:\/\/grupobraco.com.br\/conteudo\/#\/schema\/logo\/image\/"}}]}},"_links":{"self":[{"href":"https:\/\/grupobraco.com.br\/conteudo\/wp-json\/wp\/v2\/pages\/1968","targetHints":{"allow":["GET"]}}],"collection":[{"href":"https:\/\/grupobraco.com.br\/conteudo\/wp-json\/wp\/v2\/pages"}],"about":[{"href":"https:\/\/grupobraco.com.br\/conteudo\/wp-json\/wp\/v2\/types\/page"}],"author":[{"embeddable":true,"href":"https:\/\/grupobraco.com.br\/conteudo\/wp-json\/wp\/v2\/users\/3"}],"replies":[{"embeddable":true,"href":"https:\/\/grupobraco.com.br\/conteudo\/wp-json\/wp\/v2\/comments?post=1968"}],"version-history":[{"count":0,"href":"https:\/\/grupobraco.com.br\/conteudo\/wp-json\/wp\/v2\/pages\/1968\/revisions"}],"wp:attachment":[{"href":"https:\/\/grupobraco.com.br\/conteudo\/wp-json\/wp\/v2\/media?parent=1968"}],"curies":[{"name":"wp","href":"https:\/\/api.w.org\/{rel}","templated":true}]}}