{"id":1782,"date":"2025-03-31T14:45:50","date_gmt":"2025-03-31T14:45:50","guid":{"rendered":"https:\/\/grupobraco.com.br\/conteudo\/vergalhao-direto-da-fabrica-em-rio-verde-a-escolha-certa-para-sua-obra\/"},"modified":"2025-03-31T14:45:50","modified_gmt":"2025-03-31T14:45:50","slug":"vergalhao-direto-da-fabrica-em-rio-verde-a-escolha-certa-para-sua-obra","status":"publish","type":"page","link":"https:\/\/grupobraco.com.br\/conteudo\/vergalhao-direto-da-fabrica-em-rio-verde-a-escolha-certa-para-sua-obra\/","title":{"rendered":"Vergalh\u00e3o Direto da F\u00e1brica em Rio Verde: A Escolha Certa para sua Obra!"},"content":{"rendered":"<p>Ao se tratar de constru\u00e7\u00e3o civil, \u00e9 fundamental contar com materiais de qualidade, e o vergalh\u00e3o direto da f\u00e1brica em Rio Verde \u00e9 uma solu\u00e7\u00e3o que combina efici\u00eancia, rapidez e excel\u00eancia. A BR A\u00e7o se destaca nesse cen\u00e1rio, oferecendo vergalh\u00f5es que atendem aos mais rigorosos padr\u00f5es de qualidade do mercado. Neste artigo, vamos explorar todos os benef\u00edcios de optar pelo vergalh\u00e3o direto da f\u00e1brica em Rio Verde e como isso pode impactar positivamente seus projetos de constru\u00e7\u00e3o. Abordaremos temas como a confiabilidade na entrega, a variedade de produtos dispon\u00edveis e a expertise da BR A\u00e7o na fabrica\u00e7\u00e3o de vergalh\u00f5es. Prepare-se para descobrir porque o vergalh\u00e3o direto da f\u00e1brica em Rio Verde \u00e9 a escolha ideal para quem deseja qualidade sem abrir m\u00e3o da agilidade e da seguran\u00e7a. Com uma equipe altamente especializada, a BR A\u00e7o garante que cada vergalh\u00e3o produzido carrega a nossa tradi\u00e7\u00e3o de compromisso com a melhor entrega, assegurando que voc\u00ea tenha sempre a melhor op\u00e7\u00e3o para o seu projeto.<\/p>\n","protected":false},"excerpt":{"rendered":"<p>Ao se tratar de constru\u00e7\u00e3o civil, \u00e9 fundamental contar com materiais de qualidade, e o vergalh\u00e3o direto da f\u00e1brica em Rio Verde \u00e9 uma solu\u00e7\u00e3o que combina efici\u00eancia, rapidez e excel\u00eancia. A BR A\u00e7o se destaca nesse cen\u00e1rio, oferecendo vergalh\u00f5es que atendem aos mais rigorosos padr\u00f5es de qualidade do mercado. Neste artigo, vamos explorar todos&hellip;&nbsp;<a href=\"https:\/\/grupobraco.com.br\/conteudo\/vergalhao-direto-da-fabrica-em-rio-verde-a-escolha-certa-para-sua-obra\/\" class=\"\" rel=\"bookmark\">Continue a ler &raquo;<span class=\"screen-reader-text\">Vergalh\u00e3o Direto da F\u00e1brica em Rio Verde: A Escolha Certa para sua Obra!<\/span><\/a><\/p>\n","protected":false},"author":3,"featured_media":0,"parent":0,"menu_order":0,"comment_status":"closed","ping_status":"closed","template":"","meta":{"_acf_changed":false,"_yoast_wpseo_focuskw":"Vergalh\u00e3o direto da f\u00e1brica em Rio Verde","_yoast_wpseo_title":"Vergalh\u00e3o Direto da F\u00e1brica em Rio Verde: Qualidade e Agilidade na Constru\u00e7\u00e3o","_yoast_wpseo_metadesc":"Descubra as vantagens do vergalh\u00e3o direto da f\u00e1brica em Rio Verde com a BR A\u00e7o, l\u00edder em qualidade e entrega r\u00e1pida no mercado.","neve_meta_sidebar":"","neve_meta_container":"","neve_meta_enable_content_width":"","neve_meta_content_width":0,"neve_meta_title_alignment":"","neve_meta_author_avatar":"","neve_post_elements_order":"","neve_meta_disable_header":"","neve_meta_disable_footer":"","neve_meta_disable_title":"","footnotes":""},"class_list":["post-1782","page","type-page","status-publish","hentry"],"acf":{"introducao":"","conceitos_fundamentais":"","como_funciona":"","como_aplicar_no_dia_a_dia":"","principais_utilizacoes_e_beneficios":"","tipos_e_classificacoes":"","tecnologias_e_ferramentas_relacionadas":"","exemplos_e_casos_de_sucesso":"","mitos_e_verdades":"","perguntas_frequentes_faq":"","erros_comuns_e_como_evita-los":"","futuro_e_tendencias":"","conclusao":"","bloco1title":"Qualidade Garantida","bloco1text":"Na BR A\u00e7o, o vergalh\u00e3o direto da f\u00e1brica em Rio Verde oferece a mais alta qualidade, sendo submetido a rigorosos testes que asseguram sua resist\u00eancia e durabilidade especialmente formulado para atender todas as exig\u00eancias do mercado.","bloco2title":"Entrega R\u00e1pida","bloco2text":"Com a BR A\u00e7o, voc\u00ea recebe o vergalh\u00e3o direto da f\u00e1brica em Rio Verde de forma r\u00e1pida e pontual, permitindo maior agilidade em suas obras.","bloco3title":"Conhecimento de Mercado","bloco3text":"A equipe da BR A\u00e7o \u00e9 composta por profissionais com vasta experi\u00eancia na fabrica\u00e7\u00e3o de vergalh\u00f5es, possibilitando a entrega de solu\u00e7\u00f5es personalizadas que se adaptam \u00e0s necessidades de cada cliente.","insightwidtitle":"Curiosidades sobre Vergalh\u00f5es","insightwidcontent":"Voc\u00ea sabia que o uso de vergalh\u00f5es de a\u00e7o na constru\u00e7\u00e3o civil se popularizou ap\u00f3s a Segunda Guerra Mundial? Desde ent\u00e3o, a qualidade do a\u00e7o e as t\u00e9cnicas de fabrica\u00e7\u00e3o evolu\u00edram, tornando os vergalh\u00f5es uma escolha indispens\u00e1vel nas obras modernas. Apesar de serem um elemento muitas vezes escondido, eles s\u00e3o cruciais para a integridade das estruturas, oferecendo resist\u00eancia em situa\u00e7\u00f5es de tens\u00e3o e press\u00e3o."},"yoast_head":"<!-- This site is optimized with the Yoast SEO plugin v23.4 - https:\/\/yoast.com\/wordpress\/plugins\/seo\/ -->\n<title>Vergalh\u00e3o Direto da F\u00e1brica em Rio Verde: Qualidade e Agilidade na Constru\u00e7\u00e3o<\/title>\n<meta name=\"description\" content=\"Descubra as vantagens do vergalh\u00e3o direto da f\u00e1brica em Rio Verde com a BR A\u00e7o, l\u00edder em qualidade e entrega r\u00e1pida no mercado.\" \/>\n<meta name=\"robots\" content=\"index, follow, max-snippet:-1, max-image-preview:large, max-video-preview:-1\" \/>\n<link rel=\"canonical\" href=\"https:\/\/grupobraco.com.br\/conteudo\/vergalhao-direto-da-fabrica-em-rio-verde-a-escolha-certa-para-sua-obra\/\" \/>\n<meta property=\"og:locale\" content=\"pt_BR\" \/>\n<meta property=\"og:type\" content=\"article\" \/>\n<meta property=\"og:title\" content=\"Vergalh\u00e3o Direto da F\u00e1brica em Rio Verde: Qualidade e Agilidade na Constru\u00e7\u00e3o\" \/>\n<meta property=\"og:description\" content=\"Descubra as vantagens do vergalh\u00e3o direto da f\u00e1brica em Rio Verde com a BR A\u00e7o, l\u00edder em qualidade e entrega r\u00e1pida no mercado.\" \/>\n<meta property=\"og:url\" content=\"https:\/\/grupobraco.com.br\/conteudo\/vergalhao-direto-da-fabrica-em-rio-verde-a-escolha-certa-para-sua-obra\/\" \/>\n<meta property=\"og:site_name\" content=\"Br A\u00e7o\" \/>\n<meta name=\"twitter:card\" content=\"summary_large_image\" \/>\n<meta name=\"twitter:label1\" content=\"Est. tempo de leitura\" \/>\n\t<meta name=\"twitter:data1\" content=\"1 minuto\" \/>\n<script type=\"application\/ld+json\" class=\"yoast-schema-graph\">{\"@context\":\"https:\/\/schema.org\",\"@graph\":[{\"@type\":\"WebPage\",\"@id\":\"https:\/\/grupobraco.com.br\/conteudo\/vergalhao-direto-da-fabrica-em-rio-verde-a-escolha-certa-para-sua-obra\/\",\"url\":\"https:\/\/grupobraco.com.br\/conteudo\/vergalhao-direto-da-fabrica-em-rio-verde-a-escolha-certa-para-sua-obra\/\",\"name\":\"Vergalh\u00e3o Direto da F\u00e1brica em Rio Verde: Qualidade e Agilidade na Constru\u00e7\u00e3o\",\"isPartOf\":{\"@id\":\"https:\/\/grupobraco.com.br\/conteudo\/#website\"},\"datePublished\":\"2025-03-31T14:45:50+00:00\",\"dateModified\":\"2025-03-31T14:45:50+00:00\",\"description\":\"Descubra as vantagens do vergalh\u00e3o direto da f\u00e1brica em Rio Verde com a BR A\u00e7o, l\u00edder em qualidade e entrega r\u00e1pida no mercado.\",\"breadcrumb\":{\"@id\":\"https:\/\/grupobraco.com.br\/conteudo\/vergalhao-direto-da-fabrica-em-rio-verde-a-escolha-certa-para-sua-obra\/#breadcrumb\"},\"inLanguage\":\"pt-BR\",\"potentialAction\":[{\"@type\":\"ReadAction\",\"target\":[\"https:\/\/grupobraco.com.br\/conteudo\/vergalhao-direto-da-fabrica-em-rio-verde-a-escolha-certa-para-sua-obra\/\"]}]},{\"@type\":\"BreadcrumbList\",\"@id\":\"https:\/\/grupobraco.com.br\/conteudo\/vergalhao-direto-da-fabrica-em-rio-verde-a-escolha-certa-para-sua-obra\/#breadcrumb\",\"itemListElement\":[{\"@type\":\"ListItem\",\"position\":1,\"name\":\"Home\",\"item\":\"https:\/\/grupobraco.com.br\/conteudo\/\"},{\"@type\":\"ListItem\",\"position\":2,\"name\":\"Vergalh\u00e3o Direto da F\u00e1brica em Rio Verde: A Escolha Certa para sua Obra!\"}]},{\"@type\":\"WebSite\",\"@id\":\"https:\/\/grupobraco.com.br\/conteudo\/#website\",\"url\":\"https:\/\/grupobraco.com.br\/conteudo\/\",\"name\":\"Br A\u00e7o\",\"description\":\"Seus projetos na velocidade m\u00e1xima\",\"publisher\":{\"@id\":\"https:\/\/grupobraco.com.br\/conteudo\/#organization\"},\"potentialAction\":[{\"@type\":\"SearchAction\",\"target\":{\"@type\":\"EntryPoint\",\"urlTemplate\":\"https:\/\/grupobraco.com.br\/conteudo\/?s={search_term_string}\"},\"query-input\":{\"@type\":\"PropertyValueSpecification\",\"valueRequired\":true,\"valueName\":\"search_term_string\"}}],\"inLanguage\":\"pt-BR\"},{\"@type\":\"Organization\",\"@id\":\"https:\/\/grupobraco.com.br\/conteudo\/#organization\",\"name\":\"Br A\u00e7o\",\"url\":\"https:\/\/grupobraco.com.br\/conteudo\/\",\"logo\":{\"@type\":\"ImageObject\",\"inLanguage\":\"pt-BR\",\"@id\":\"https:\/\/grupobraco.com.br\/conteudo\/#\/schema\/logo\/image\/\",\"url\":\"https:\/\/grupobraco.com.br\/conteudo\/wp-content\/uploads\/2025\/04\/Z340-Logotipia-Reestruturacao-do-Branding.png\",\"contentUrl\":\"https:\/\/grupobraco.com.br\/conteudo\/wp-content\/uploads\/2025\/04\/Z340-Logotipia-Reestruturacao-do-Branding.png\",\"width\":1530,\"height\":1080,\"caption\":\"Br A\u00e7o\"},\"image\":{\"@id\":\"https:\/\/grupobraco.com.br\/conteudo\/#\/schema\/logo\/image\/\"}}]}<\/script>\n<!-- \/ Yoast SEO plugin. -->","yoast_head_json":{"title":"Vergalh\u00e3o Direto da F\u00e1brica em Rio Verde: Qualidade e Agilidade na Constru\u00e7\u00e3o","description":"Descubra as vantagens do vergalh\u00e3o direto da f\u00e1brica em Rio Verde com a BR A\u00e7o, l\u00edder em qualidade e entrega r\u00e1pida no mercado.","robots":{"index":"index","follow":"follow","max-snippet":"max-snippet:-1","max-image-preview":"max-image-preview:large","max-video-preview":"max-video-preview:-1"},"canonical":"https:\/\/grupobraco.com.br\/conteudo\/vergalhao-direto-da-fabrica-em-rio-verde-a-escolha-certa-para-sua-obra\/","og_locale":"pt_BR","og_type":"article","og_title":"Vergalh\u00e3o Direto da F\u00e1brica em Rio Verde: Qualidade e Agilidade na Constru\u00e7\u00e3o","og_description":"Descubra as vantagens do vergalh\u00e3o direto da f\u00e1brica em Rio Verde com a BR A\u00e7o, l\u00edder em qualidade e entrega r\u00e1pida no mercado.","og_url":"https:\/\/grupobraco.com.br\/conteudo\/vergalhao-direto-da-fabrica-em-rio-verde-a-escolha-certa-para-sua-obra\/","og_site_name":"Br A\u00e7o","twitter_card":"summary_large_image","twitter_misc":{"Est. tempo de leitura":"1 minuto"},"schema":{"@context":"https:\/\/schema.org","@graph":[{"@type":"WebPage","@id":"https:\/\/grupobraco.com.br\/conteudo\/vergalhao-direto-da-fabrica-em-rio-verde-a-escolha-certa-para-sua-obra\/","url":"https:\/\/grupobraco.com.br\/conteudo\/vergalhao-direto-da-fabrica-em-rio-verde-a-escolha-certa-para-sua-obra\/","name":"Vergalh\u00e3o Direto da F\u00e1brica em Rio Verde: Qualidade e Agilidade na Constru\u00e7\u00e3o","isPartOf":{"@id":"https:\/\/grupobraco.com.br\/conteudo\/#website"},"datePublished":"2025-03-31T14:45:50+00:00","dateModified":"2025-03-31T14:45:50+00:00","description":"Descubra as vantagens do vergalh\u00e3o direto da f\u00e1brica em Rio Verde com a BR A\u00e7o, l\u00edder em qualidade e entrega r\u00e1pida no mercado.","breadcrumb":{"@id":"https:\/\/grupobraco.com.br\/conteudo\/vergalhao-direto-da-fabrica-em-rio-verde-a-escolha-certa-para-sua-obra\/#breadcrumb"},"inLanguage":"pt-BR","potentialAction":[{"@type":"ReadAction","target":["https:\/\/grupobraco.com.br\/conteudo\/vergalhao-direto-da-fabrica-em-rio-verde-a-escolha-certa-para-sua-obra\/"]}]},{"@type":"BreadcrumbList","@id":"https:\/\/grupobraco.com.br\/conteudo\/vergalhao-direto-da-fabrica-em-rio-verde-a-escolha-certa-para-sua-obra\/#breadcrumb","itemListElement":[{"@type":"ListItem","position":1,"name":"Home","item":"https:\/\/grupobraco.com.br\/conteudo\/"},{"@type":"ListItem","position":2,"name":"Vergalh\u00e3o Direto da F\u00e1brica em Rio Verde: A Escolha Certa para sua Obra!"}]},{"@type":"WebSite","@id":"https:\/\/grupobraco.com.br\/conteudo\/#website","url":"https:\/\/grupobraco.com.br\/conteudo\/","name":"Br A\u00e7o","description":"Seus projetos na velocidade m\u00e1xima","publisher":{"@id":"https:\/\/grupobraco.com.br\/conteudo\/#organization"},"potentialAction":[{"@type":"SearchAction","target":{"@type":"EntryPoint","urlTemplate":"https:\/\/grupobraco.com.br\/conteudo\/?s={search_term_string}"},"query-input":{"@type":"PropertyValueSpecification","valueRequired":true,"valueName":"search_term_string"}}],"inLanguage":"pt-BR"},{"@type":"Organization","@id":"https:\/\/grupobraco.com.br\/conteudo\/#organization","name":"Br A\u00e7o","url":"https:\/\/grupobraco.com.br\/conteudo\/","logo":{"@type":"ImageObject","inLanguage":"pt-BR","@id":"https:\/\/grupobraco.com.br\/conteudo\/#\/schema\/logo\/image\/","url":"https:\/\/grupobraco.com.br\/conteudo\/wp-content\/uploads\/2025\/04\/Z340-Logotipia-Reestruturacao-do-Branding.png","contentUrl":"https:\/\/grupobraco.com.br\/conteudo\/wp-content\/uploads\/2025\/04\/Z340-Logotipia-Reestruturacao-do-Branding.png","width":1530,"height":1080,"caption":"Br A\u00e7o"},"image":{"@id":"https:\/\/grupobraco.com.br\/conteudo\/#\/schema\/logo\/image\/"}}]}},"_links":{"self":[{"href":"https:\/\/grupobraco.com.br\/conteudo\/wp-json\/wp\/v2\/pages\/1782","targetHints":{"allow":["GET"]}}],"collection":[{"href":"https:\/\/grupobraco.com.br\/conteudo\/wp-json\/wp\/v2\/pages"}],"about":[{"href":"https:\/\/grupobraco.com.br\/conteudo\/wp-json\/wp\/v2\/types\/page"}],"author":[{"embeddable":true,"href":"https:\/\/grupobraco.com.br\/conteudo\/wp-json\/wp\/v2\/users\/3"}],"replies":[{"embeddable":true,"href":"https:\/\/grupobraco.com.br\/conteudo\/wp-json\/wp\/v2\/comments?post=1782"}],"version-history":[{"count":0,"href":"https:\/\/grupobraco.com.br\/conteudo\/wp-json\/wp\/v2\/pages\/1782\/revisions"}],"wp:attachment":[{"href":"https:\/\/grupobraco.com.br\/conteudo\/wp-json\/wp\/v2\/media?parent=1782"}],"curies":[{"name":"wp","href":"https:\/\/api.w.org\/{rel}","templated":true}]}}