{"id":1776,"date":"2025-03-31T14:00:58","date_gmt":"2025-03-31T14:00:58","guid":{"rendered":"https:\/\/grupobraco.com.br\/conteudo\/br-aco-a-fabrica-de-vergalhao-em-luziania-que-transforma-projetos-em-realidade\/"},"modified":"2025-03-31T14:00:58","modified_gmt":"2025-03-31T14:00:58","slug":"br-aco-a-fabrica-de-vergalhao-em-luziania-que-transforma-projetos-em-realidade","status":"publish","type":"page","link":"https:\/\/grupobraco.com.br\/conteudo\/br-aco-a-fabrica-de-vergalhao-em-luziania-que-transforma-projetos-em-realidade\/","title":{"rendered":"BR A\u00e7o: A F\u00e1brica de Vergalh\u00e3o em Luzi\u00e2nia que Transforma Projetos em Realidade"},"content":{"rendered":"<p>Se voc\u00ea est\u00e1 em busca de uma f\u00e1brica de vergalh\u00e3o em Luzi\u00e2nia que combine qualidade, efici\u00eancia e compromisso com a entrega, a BR A\u00e7o se destaca como a principal op\u00e7\u00e3o na regi\u00e3o. Nossa instala\u00e7\u00e3o est\u00e1 estrategicamente localizada em Luzi\u00e2nia, permitindo um atendimento \u00e1gil e pontual a diversos projetos de constru\u00e7\u00e3o civil. Com um portf\u00f3lio diversificado, a BR A\u00e7o oferece vergalh\u00f5es de a\u00e7o que atendem \u00e0s mais rigorosas normas de qualidade. Nossa equipe, composta por profissionais experientes e especializados, garante que cada produto seja fabricado com o m\u00e1ximo de precis\u00e3o, pensando sempre na sua seguran\u00e7a e satisfa\u00e7\u00e3o. Na BR A\u00e7o, entendemos que cada projeto tem suas especificidades, e estamos prontos para oferecer um atendimento personalizado, com solu\u00e7\u00f5es adaptadas \u00e0s suas necessidades. Ao escolher a BR A\u00e7o, voc\u00ea n\u00e3o s\u00f3 investe em um produto de alta qualidade, mas tamb\u00e9m em um parceiro comprometido com o sucesso da sua obra, proporcionando entrega r\u00e1pida e confi\u00e1vel, essencial para n\u00e3o atrasar seus prazos.<\/p>\n","protected":false},"excerpt":{"rendered":"<p>Se voc\u00ea est\u00e1 em busca de uma f\u00e1brica de vergalh\u00e3o em Luzi\u00e2nia que combine qualidade, efici\u00eancia e compromisso com a entrega, a BR A\u00e7o se destaca como a principal op\u00e7\u00e3o na regi\u00e3o. Nossa instala\u00e7\u00e3o est\u00e1 estrategicamente localizada em Luzi\u00e2nia, permitindo um atendimento \u00e1gil e pontual a diversos projetos de constru\u00e7\u00e3o civil. Com um portf\u00f3lio diversificado,&hellip;&nbsp;<a href=\"https:\/\/grupobraco.com.br\/conteudo\/br-aco-a-fabrica-de-vergalhao-em-luziania-que-transforma-projetos-em-realidade\/\" class=\"\" rel=\"bookmark\">Continue a ler &raquo;<span class=\"screen-reader-text\">BR A\u00e7o: A F\u00e1brica de Vergalh\u00e3o em Luzi\u00e2nia que Transforma Projetos em Realidade<\/span><\/a><\/p>\n","protected":false},"author":3,"featured_media":0,"parent":0,"menu_order":0,"comment_status":"closed","ping_status":"closed","template":"","meta":{"_acf_changed":false,"_yoast_wpseo_focuskw":"F\u00e1brica de vergalh\u00e3o em Luzi\u00e2nia","_yoast_wpseo_title":"F\u00e1brica de Vergalh\u00e3o em Luzi\u00e2nia - BR A\u00e7o: Qualidade e Rapidez na Entrega","_yoast_wpseo_metadesc":"Conhe\u00e7a a BR A\u00e7o, a principal f\u00e1brica de vergalh\u00e3o em Luzi\u00e2nia com qualidade, efici\u00eancia e entrega r\u00e1pida.","neve_meta_sidebar":"","neve_meta_container":"","neve_meta_enable_content_width":"","neve_meta_content_width":0,"neve_meta_title_alignment":"","neve_meta_author_avatar":"","neve_post_elements_order":"","neve_meta_disable_header":"","neve_meta_disable_footer":"","neve_meta_disable_title":"","footnotes":""},"class_list":["post-1776","page","type-page","status-publish","hentry"],"acf":{"introducao":"","conceitos_fundamentais":"","como_funciona":"","como_aplicar_no_dia_a_dia":"","principais_utilizacoes_e_beneficios":"","tipos_e_classificacoes":"","tecnologias_e_ferramentas_relacionadas":"","exemplos_e_casos_de_sucesso":"","mitos_e_verdades":"","perguntas_frequentes_faq":"","erros_comuns_e_como_evita-los":"","futuro_e_tendencias":"","conclusao":"","bloco1title":"Qualidade Superior","bloco1text":"Na BR A\u00e7o, a qualidade dos nossos vergalh\u00f5es \u00e9 inigual\u00e1vel, sempre atendendo as normas t\u00e9cnicas com rigor para garantir a seguran\u00e7a das constru\u00e7\u00f5es.","bloco2title":"Atendimento Personalizado","bloco2text":"Oferecemos consultoria especializada para entender as necessidades espec\u00edficas de cada cliente, otimizando a escolha dos produtos.","bloco3title":"Compromisso com Prazo","bloco3text":"Garantimos a entrega dos vergalh\u00f5es de maneira r\u00e1pida e eficaz, fundamentais para o andamento correto das constru\u00e7\u00f5es em Luzi\u00e2nia.","insightwidtitle":"Curiosidades sobre A\u00e7o","insightwidcontent":"Voc\u00ea sabia que o conceito de vergalh\u00f5es para constru\u00e7\u00e3o civil \u00e9 bastante antigo? O uso de a\u00e7o em obras remonta \u00e0 Revolu\u00e7\u00e3o Industrial, onde as propriedades do a\u00e7o come\u00e7aram a ser exploradas para aumentar a durabilidade e resist\u00eancia das estruturas. A utiliza\u00e7\u00e3o do vergalh\u00e3o revolucionou a forma como constru\u00edmos, permitindo constru\u00e7\u00f5es mais seguras e arrojadas, um marco importante na engenharia moderna."},"yoast_head":"<!-- This site is optimized with the Yoast SEO plugin v23.4 - https:\/\/yoast.com\/wordpress\/plugins\/seo\/ -->\n<title>F\u00e1brica de Vergalh\u00e3o em Luzi\u00e2nia - BR A\u00e7o: Qualidade e Rapidez na Entrega<\/title>\n<meta name=\"description\" content=\"Conhe\u00e7a a BR A\u00e7o, a principal f\u00e1brica de vergalh\u00e3o em Luzi\u00e2nia com qualidade, efici\u00eancia e entrega r\u00e1pida.\" \/>\n<meta name=\"robots\" content=\"index, follow, max-snippet:-1, max-image-preview:large, max-video-preview:-1\" \/>\n<link rel=\"canonical\" href=\"https:\/\/grupobraco.com.br\/conteudo\/br-aco-a-fabrica-de-vergalhao-em-luziania-que-transforma-projetos-em-realidade\/\" \/>\n<meta property=\"og:locale\" content=\"pt_BR\" \/>\n<meta property=\"og:type\" content=\"article\" \/>\n<meta property=\"og:title\" content=\"F\u00e1brica de Vergalh\u00e3o em Luzi\u00e2nia - BR A\u00e7o: Qualidade e Rapidez na Entrega\" \/>\n<meta property=\"og:description\" content=\"Conhe\u00e7a a BR A\u00e7o, a principal f\u00e1brica de vergalh\u00e3o em Luzi\u00e2nia com qualidade, efici\u00eancia e entrega r\u00e1pida.\" \/>\n<meta property=\"og:url\" content=\"https:\/\/grupobraco.com.br\/conteudo\/br-aco-a-fabrica-de-vergalhao-em-luziania-que-transforma-projetos-em-realidade\/\" \/>\n<meta property=\"og:site_name\" content=\"Br A\u00e7o\" \/>\n<meta name=\"twitter:card\" content=\"summary_large_image\" \/>\n<meta name=\"twitter:label1\" content=\"Est. tempo de leitura\" \/>\n\t<meta name=\"twitter:data1\" content=\"1 minuto\" \/>\n<script type=\"application\/ld+json\" class=\"yoast-schema-graph\">{\"@context\":\"https:\/\/schema.org\",\"@graph\":[{\"@type\":\"WebPage\",\"@id\":\"https:\/\/grupobraco.com.br\/conteudo\/br-aco-a-fabrica-de-vergalhao-em-luziania-que-transforma-projetos-em-realidade\/\",\"url\":\"https:\/\/grupobraco.com.br\/conteudo\/br-aco-a-fabrica-de-vergalhao-em-luziania-que-transforma-projetos-em-realidade\/\",\"name\":\"F\u00e1brica de Vergalh\u00e3o em Luzi\u00e2nia - BR A\u00e7o: Qualidade e Rapidez na Entrega\",\"isPartOf\":{\"@id\":\"https:\/\/grupobraco.com.br\/conteudo\/#website\"},\"datePublished\":\"2025-03-31T14:00:58+00:00\",\"dateModified\":\"2025-03-31T14:00:58+00:00\",\"description\":\"Conhe\u00e7a a BR A\u00e7o, a principal f\u00e1brica de vergalh\u00e3o em Luzi\u00e2nia com qualidade, efici\u00eancia e entrega r\u00e1pida.\",\"breadcrumb\":{\"@id\":\"https:\/\/grupobraco.com.br\/conteudo\/br-aco-a-fabrica-de-vergalhao-em-luziania-que-transforma-projetos-em-realidade\/#breadcrumb\"},\"inLanguage\":\"pt-BR\",\"potentialAction\":[{\"@type\":\"ReadAction\",\"target\":[\"https:\/\/grupobraco.com.br\/conteudo\/br-aco-a-fabrica-de-vergalhao-em-luziania-que-transforma-projetos-em-realidade\/\"]}]},{\"@type\":\"BreadcrumbList\",\"@id\":\"https:\/\/grupobraco.com.br\/conteudo\/br-aco-a-fabrica-de-vergalhao-em-luziania-que-transforma-projetos-em-realidade\/#breadcrumb\",\"itemListElement\":[{\"@type\":\"ListItem\",\"position\":1,\"name\":\"Home\",\"item\":\"https:\/\/grupobraco.com.br\/conteudo\/\"},{\"@type\":\"ListItem\",\"position\":2,\"name\":\"BR A\u00e7o: A F\u00e1brica de Vergalh\u00e3o em Luzi\u00e2nia que Transforma Projetos em Realidade\"}]},{\"@type\":\"WebSite\",\"@id\":\"https:\/\/grupobraco.com.br\/conteudo\/#website\",\"url\":\"https:\/\/grupobraco.com.br\/conteudo\/\",\"name\":\"Br A\u00e7o\",\"description\":\"Seus projetos na velocidade m\u00e1xima\",\"publisher\":{\"@id\":\"https:\/\/grupobraco.com.br\/conteudo\/#organization\"},\"potentialAction\":[{\"@type\":\"SearchAction\",\"target\":{\"@type\":\"EntryPoint\",\"urlTemplate\":\"https:\/\/grupobraco.com.br\/conteudo\/?s={search_term_string}\"},\"query-input\":{\"@type\":\"PropertyValueSpecification\",\"valueRequired\":true,\"valueName\":\"search_term_string\"}}],\"inLanguage\":\"pt-BR\"},{\"@type\":\"Organization\",\"@id\":\"https:\/\/grupobraco.com.br\/conteudo\/#organization\",\"name\":\"Br A\u00e7o\",\"url\":\"https:\/\/grupobraco.com.br\/conteudo\/\",\"logo\":{\"@type\":\"ImageObject\",\"inLanguage\":\"pt-BR\",\"@id\":\"https:\/\/grupobraco.com.br\/conteudo\/#\/schema\/logo\/image\/\",\"url\":\"https:\/\/grupobraco.com.br\/conteudo\/wp-content\/uploads\/2025\/04\/Z340-Logotipia-Reestruturacao-do-Branding.png\",\"contentUrl\":\"https:\/\/grupobraco.com.br\/conteudo\/wp-content\/uploads\/2025\/04\/Z340-Logotipia-Reestruturacao-do-Branding.png\",\"width\":1530,\"height\":1080,\"caption\":\"Br A\u00e7o\"},\"image\":{\"@id\":\"https:\/\/grupobraco.com.br\/conteudo\/#\/schema\/logo\/image\/\"}}]}<\/script>\n<!-- \/ Yoast SEO plugin. -->","yoast_head_json":{"title":"F\u00e1brica de Vergalh\u00e3o em Luzi\u00e2nia - BR A\u00e7o: Qualidade e Rapidez na Entrega","description":"Conhe\u00e7a a BR A\u00e7o, a principal f\u00e1brica de vergalh\u00e3o em Luzi\u00e2nia com qualidade, efici\u00eancia e entrega r\u00e1pida.","robots":{"index":"index","follow":"follow","max-snippet":"max-snippet:-1","max-image-preview":"max-image-preview:large","max-video-preview":"max-video-preview:-1"},"canonical":"https:\/\/grupobraco.com.br\/conteudo\/br-aco-a-fabrica-de-vergalhao-em-luziania-que-transforma-projetos-em-realidade\/","og_locale":"pt_BR","og_type":"article","og_title":"F\u00e1brica de Vergalh\u00e3o em Luzi\u00e2nia - BR A\u00e7o: Qualidade e Rapidez na Entrega","og_description":"Conhe\u00e7a a BR A\u00e7o, a principal f\u00e1brica de vergalh\u00e3o em Luzi\u00e2nia com qualidade, efici\u00eancia e entrega r\u00e1pida.","og_url":"https:\/\/grupobraco.com.br\/conteudo\/br-aco-a-fabrica-de-vergalhao-em-luziania-que-transforma-projetos-em-realidade\/","og_site_name":"Br A\u00e7o","twitter_card":"summary_large_image","twitter_misc":{"Est. tempo de leitura":"1 minuto"},"schema":{"@context":"https:\/\/schema.org","@graph":[{"@type":"WebPage","@id":"https:\/\/grupobraco.com.br\/conteudo\/br-aco-a-fabrica-de-vergalhao-em-luziania-que-transforma-projetos-em-realidade\/","url":"https:\/\/grupobraco.com.br\/conteudo\/br-aco-a-fabrica-de-vergalhao-em-luziania-que-transforma-projetos-em-realidade\/","name":"F\u00e1brica de Vergalh\u00e3o em Luzi\u00e2nia - BR A\u00e7o: Qualidade e Rapidez na Entrega","isPartOf":{"@id":"https:\/\/grupobraco.com.br\/conteudo\/#website"},"datePublished":"2025-03-31T14:00:58+00:00","dateModified":"2025-03-31T14:00:58+00:00","description":"Conhe\u00e7a a BR A\u00e7o, a principal f\u00e1brica de vergalh\u00e3o em Luzi\u00e2nia com qualidade, efici\u00eancia e entrega r\u00e1pida.","breadcrumb":{"@id":"https:\/\/grupobraco.com.br\/conteudo\/br-aco-a-fabrica-de-vergalhao-em-luziania-que-transforma-projetos-em-realidade\/#breadcrumb"},"inLanguage":"pt-BR","potentialAction":[{"@type":"ReadAction","target":["https:\/\/grupobraco.com.br\/conteudo\/br-aco-a-fabrica-de-vergalhao-em-luziania-que-transforma-projetos-em-realidade\/"]}]},{"@type":"BreadcrumbList","@id":"https:\/\/grupobraco.com.br\/conteudo\/br-aco-a-fabrica-de-vergalhao-em-luziania-que-transforma-projetos-em-realidade\/#breadcrumb","itemListElement":[{"@type":"ListItem","position":1,"name":"Home","item":"https:\/\/grupobraco.com.br\/conteudo\/"},{"@type":"ListItem","position":2,"name":"BR A\u00e7o: A F\u00e1brica de Vergalh\u00e3o em Luzi\u00e2nia que Transforma Projetos em Realidade"}]},{"@type":"WebSite","@id":"https:\/\/grupobraco.com.br\/conteudo\/#website","url":"https:\/\/grupobraco.com.br\/conteudo\/","name":"Br A\u00e7o","description":"Seus projetos na velocidade m\u00e1xima","publisher":{"@id":"https:\/\/grupobraco.com.br\/conteudo\/#organization"},"potentialAction":[{"@type":"SearchAction","target":{"@type":"EntryPoint","urlTemplate":"https:\/\/grupobraco.com.br\/conteudo\/?s={search_term_string}"},"query-input":{"@type":"PropertyValueSpecification","valueRequired":true,"valueName":"search_term_string"}}],"inLanguage":"pt-BR"},{"@type":"Organization","@id":"https:\/\/grupobraco.com.br\/conteudo\/#organization","name":"Br A\u00e7o","url":"https:\/\/grupobraco.com.br\/conteudo\/","logo":{"@type":"ImageObject","inLanguage":"pt-BR","@id":"https:\/\/grupobraco.com.br\/conteudo\/#\/schema\/logo\/image\/","url":"https:\/\/grupobraco.com.br\/conteudo\/wp-content\/uploads\/2025\/04\/Z340-Logotipia-Reestruturacao-do-Branding.png","contentUrl":"https:\/\/grupobraco.com.br\/conteudo\/wp-content\/uploads\/2025\/04\/Z340-Logotipia-Reestruturacao-do-Branding.png","width":1530,"height":1080,"caption":"Br A\u00e7o"},"image":{"@id":"https:\/\/grupobraco.com.br\/conteudo\/#\/schema\/logo\/image\/"}}]}},"_links":{"self":[{"href":"https:\/\/grupobraco.com.br\/conteudo\/wp-json\/wp\/v2\/pages\/1776","targetHints":{"allow":["GET"]}}],"collection":[{"href":"https:\/\/grupobraco.com.br\/conteudo\/wp-json\/wp\/v2\/pages"}],"about":[{"href":"https:\/\/grupobraco.com.br\/conteudo\/wp-json\/wp\/v2\/types\/page"}],"author":[{"embeddable":true,"href":"https:\/\/grupobraco.com.br\/conteudo\/wp-json\/wp\/v2\/users\/3"}],"replies":[{"embeddable":true,"href":"https:\/\/grupobraco.com.br\/conteudo\/wp-json\/wp\/v2\/comments?post=1776"}],"version-history":[{"count":0,"href":"https:\/\/grupobraco.com.br\/conteudo\/wp-json\/wp\/v2\/pages\/1776\/revisions"}],"wp:attachment":[{"href":"https:\/\/grupobraco.com.br\/conteudo\/wp-json\/wp\/v2\/media?parent=1776"}],"curies":[{"name":"wp","href":"https:\/\/api.w.org\/{rel}","templated":true}]}}