{"id":1542,"date":"2025-03-29T15:46:00","date_gmt":"2025-03-29T15:46:00","guid":{"rendered":"https:\/\/grupobraco.com.br\/conteudo\/descubra-o-melhor-preco-de-vergalhao-em-senador-canedo-com-a-br-aco\/"},"modified":"2025-03-29T15:46:00","modified_gmt":"2025-03-29T15:46:00","slug":"descubra-o-melhor-preco-de-vergalhao-em-senador-canedo-com-a-br-aco","status":"publish","type":"page","link":"https:\/\/grupobraco.com.br\/conteudo\/descubra-o-melhor-preco-de-vergalhao-em-senador-canedo-com-a-br-aco\/","title":{"rendered":"Descubra o Melhor Pre\u00e7o de Vergalh\u00e3o em Senador Canedo com a BR A\u00e7o!"},"content":{"rendered":"<p>Se voc\u00ea est\u00e1 \u00e0 procura de informa\u00e7\u00f5es sobre &#8216;vergalh\u00e3o pre\u00e7o em Senador Canedo&#8217;, a BR A\u00e7o \u00e9 o seu destino ideal. Aqui, voc\u00ea encontrar\u00e1 um levantamento abrangente sobre o mercado de vergalh\u00f5es, incluindo uma an\u00e1lise detalhada dos pre\u00e7os, fatores que influenciam os valores e as vantagens de escolher a BR A\u00e7o como seu fornecedor. Nossa empresa \u00e9 reconhecida pela excel\u00eancia em produtos de a\u00e7o para constru\u00e7\u00e3o civil e nosso compromisso com a qualidade e a rapidez \u00e9 inigual\u00e1vel. Neste artigo, voc\u00ea descobrir\u00e1 tudo o que precisa saber sobre &#8216;vergalh\u00e3o pre\u00e7o em Senador Canedo&#8217;, al\u00e9m de dicas e informa\u00e7\u00f5es relevantes para garantir que seu projeto esteja em conformidade com as melhores pr\u00e1ticas do setor. Nossa experi\u00eancia no segmento e o conhecimento aprofundado dos materiais nos permitem oferecer a voc\u00ea a informa\u00e7\u00e3o mais confi\u00e1vel e precisa, contribuindo para que voc\u00ea tome decis\u00f5es informadas ao adquirir o vergalh\u00e3o ideal para suas constru\u00e7\u00f5es.<\/p>\n","protected":false},"excerpt":{"rendered":"<p>Se voc\u00ea est\u00e1 \u00e0 procura de informa\u00e7\u00f5es sobre &#8216;vergalh\u00e3o pre\u00e7o em Senador Canedo&#8217;, a BR A\u00e7o \u00e9 o seu destino ideal. Aqui, voc\u00ea encontrar\u00e1 um levantamento abrangente sobre o mercado de vergalh\u00f5es, incluindo uma an\u00e1lise detalhada dos pre\u00e7os, fatores que influenciam os valores e as vantagens de escolher a BR A\u00e7o como seu fornecedor. Nossa&hellip;&nbsp;<a href=\"https:\/\/grupobraco.com.br\/conteudo\/descubra-o-melhor-preco-de-vergalhao-em-senador-canedo-com-a-br-aco\/\" class=\"\" rel=\"bookmark\">Continue a ler &raquo;<span class=\"screen-reader-text\">Descubra o Melhor Pre\u00e7o de Vergalh\u00e3o em Senador Canedo com a BR A\u00e7o!<\/span><\/a><\/p>\n","protected":false},"author":3,"featured_media":0,"parent":0,"menu_order":0,"comment_status":"closed","ping_status":"closed","template":"","meta":{"_acf_changed":false,"_yoast_wpseo_focuskw":"vergalh\u00e3o pre\u00e7o em Senador Canedo","_yoast_wpseo_title":"Vergalh\u00e3o Pre\u00e7o em Senador Canedo - BR A\u00e7o \u00e9 a Sua Melhor Op\u00e7\u00e3o!","_yoast_wpseo_metadesc":"Encontre o melhor vergalh\u00e3o pre\u00e7o em Senador Canedo com a qualidade inigual\u00e1vel da BR A\u00e7o. Entregas r\u00e1pidas, produtos excepcionais e atendimento personalizado.","neve_meta_sidebar":"","neve_meta_container":"","neve_meta_enable_content_width":"","neve_meta_content_width":0,"neve_meta_title_alignment":"","neve_meta_author_avatar":"","neve_post_elements_order":"","neve_meta_disable_header":"","neve_meta_disable_footer":"","neve_meta_disable_title":"","footnotes":""},"class_list":["post-1542","page","type-page","status-publish","hentry"],"acf":{"introducao":"","conceitos_fundamentais":"","como_funciona":"","como_aplicar_no_dia_a_dia":"","principais_utilizacoes_e_beneficios":"","tipos_e_classificacoes":"","tecnologias_e_ferramentas_relacionadas":"","exemplos_e_casos_de_sucesso":"","mitos_e_verdades":"","perguntas_frequentes_faq":"","erros_comuns_e_como_evita-los":"","futuro_e_tendencias":"","conclusao":"","bloco1title":"Qualidade Superior","bloco1text":"Na BR A\u00e7o, garantimos a qualidade dos nossos vergalh\u00f5es, com rigorosos padr\u00f5es de controle e processos de produ\u00e7\u00e3o que asseguram resist\u00eancia e durabilidade.","bloco2title":"Entrega \u00c1gil","bloco2text":"A BR A\u00e7o se destaca pela efici\u00eancia na entrega, assegurando que voc\u00ea receba suas compras rapidamente, sem comprometer a qualidade do material.","bloco3title":"Experi\u00eancia no Mercado","bloco3text":"Com anos de atua\u00e7\u00e3o no setor, a BR A\u00e7o acumulou experi\u00eancia e confiabilidade, tornando-se a escolha preferida para quem busca 'vergalh\u00e3o pre\u00e7o em Senador Canedo'.","insightwidtitle":"Curiosidades sobre Vergalh\u00f5es","insightwidcontent":"Voc\u00ea sabia que o uso de vergalh\u00f5es data da antiguidade? No entanto, foi no s\u00e9culo XX que seu uso se popularizou e se tornou essencial na constru\u00e7\u00e3o civil moderna. O vergalh\u00e3o ajuda a aumentar a resist\u00eancia de estruturas, tornando os edif\u00edcios mais seguros e dur\u00e1veis. Assim, ao olhar para 'vergalh\u00e3o pre\u00e7o em Senador Canedo', lembre-se da import\u00e2ncia de sua qualidade e da seguran\u00e7a que proporcionam \u00e0s constru\u00e7\u00f5es."},"yoast_head":"<!-- This site is optimized with the Yoast SEO plugin v23.4 - https:\/\/yoast.com\/wordpress\/plugins\/seo\/ -->\n<title>Vergalh\u00e3o Pre\u00e7o em Senador Canedo - BR A\u00e7o \u00e9 a Sua Melhor Op\u00e7\u00e3o!<\/title>\n<meta name=\"description\" content=\"Encontre o melhor vergalh\u00e3o pre\u00e7o em Senador Canedo com a qualidade inigual\u00e1vel da BR A\u00e7o. Entregas r\u00e1pidas, produtos excepcionais e atendimento personalizado.\" \/>\n<meta name=\"robots\" content=\"index, follow, max-snippet:-1, max-image-preview:large, max-video-preview:-1\" \/>\n<link rel=\"canonical\" href=\"https:\/\/grupobraco.com.br\/conteudo\/descubra-o-melhor-preco-de-vergalhao-em-senador-canedo-com-a-br-aco\/\" \/>\n<meta property=\"og:locale\" content=\"pt_BR\" \/>\n<meta property=\"og:type\" content=\"article\" \/>\n<meta property=\"og:title\" content=\"Vergalh\u00e3o Pre\u00e7o em Senador Canedo - BR A\u00e7o \u00e9 a Sua Melhor Op\u00e7\u00e3o!\" \/>\n<meta property=\"og:description\" content=\"Encontre o melhor vergalh\u00e3o pre\u00e7o em Senador Canedo com a qualidade inigual\u00e1vel da BR A\u00e7o. Entregas r\u00e1pidas, produtos excepcionais e atendimento personalizado.\" \/>\n<meta property=\"og:url\" content=\"https:\/\/grupobraco.com.br\/conteudo\/descubra-o-melhor-preco-de-vergalhao-em-senador-canedo-com-a-br-aco\/\" \/>\n<meta property=\"og:site_name\" content=\"Br A\u00e7o\" \/>\n<meta name=\"twitter:card\" content=\"summary_large_image\" \/>\n<meta name=\"twitter:label1\" content=\"Est. tempo de leitura\" \/>\n\t<meta name=\"twitter:data1\" content=\"1 minuto\" \/>\n<script type=\"application\/ld+json\" class=\"yoast-schema-graph\">{\"@context\":\"https:\/\/schema.org\",\"@graph\":[{\"@type\":\"WebPage\",\"@id\":\"https:\/\/grupobraco.com.br\/conteudo\/descubra-o-melhor-preco-de-vergalhao-em-senador-canedo-com-a-br-aco\/\",\"url\":\"https:\/\/grupobraco.com.br\/conteudo\/descubra-o-melhor-preco-de-vergalhao-em-senador-canedo-com-a-br-aco\/\",\"name\":\"Vergalh\u00e3o Pre\u00e7o em Senador Canedo - BR A\u00e7o \u00e9 a Sua Melhor Op\u00e7\u00e3o!\",\"isPartOf\":{\"@id\":\"https:\/\/grupobraco.com.br\/conteudo\/#website\"},\"datePublished\":\"2025-03-29T15:46:00+00:00\",\"dateModified\":\"2025-03-29T15:46:00+00:00\",\"description\":\"Encontre o melhor vergalh\u00e3o pre\u00e7o em Senador Canedo com a qualidade inigual\u00e1vel da BR A\u00e7o. Entregas r\u00e1pidas, produtos excepcionais e atendimento personalizado.\",\"breadcrumb\":{\"@id\":\"https:\/\/grupobraco.com.br\/conteudo\/descubra-o-melhor-preco-de-vergalhao-em-senador-canedo-com-a-br-aco\/#breadcrumb\"},\"inLanguage\":\"pt-BR\",\"potentialAction\":[{\"@type\":\"ReadAction\",\"target\":[\"https:\/\/grupobraco.com.br\/conteudo\/descubra-o-melhor-preco-de-vergalhao-em-senador-canedo-com-a-br-aco\/\"]}]},{\"@type\":\"BreadcrumbList\",\"@id\":\"https:\/\/grupobraco.com.br\/conteudo\/descubra-o-melhor-preco-de-vergalhao-em-senador-canedo-com-a-br-aco\/#breadcrumb\",\"itemListElement\":[{\"@type\":\"ListItem\",\"position\":1,\"name\":\"Home\",\"item\":\"https:\/\/grupobraco.com.br\/conteudo\/\"},{\"@type\":\"ListItem\",\"position\":2,\"name\":\"Descubra o Melhor Pre\u00e7o de Vergalh\u00e3o em Senador Canedo com a BR A\u00e7o!\"}]},{\"@type\":\"WebSite\",\"@id\":\"https:\/\/grupobraco.com.br\/conteudo\/#website\",\"url\":\"https:\/\/grupobraco.com.br\/conteudo\/\",\"name\":\"Br A\u00e7o\",\"description\":\"Seus projetos na velocidade m\u00e1xima\",\"publisher\":{\"@id\":\"https:\/\/grupobraco.com.br\/conteudo\/#organization\"},\"potentialAction\":[{\"@type\":\"SearchAction\",\"target\":{\"@type\":\"EntryPoint\",\"urlTemplate\":\"https:\/\/grupobraco.com.br\/conteudo\/?s={search_term_string}\"},\"query-input\":{\"@type\":\"PropertyValueSpecification\",\"valueRequired\":true,\"valueName\":\"search_term_string\"}}],\"inLanguage\":\"pt-BR\"},{\"@type\":\"Organization\",\"@id\":\"https:\/\/grupobraco.com.br\/conteudo\/#organization\",\"name\":\"Br A\u00e7o\",\"url\":\"https:\/\/grupobraco.com.br\/conteudo\/\",\"logo\":{\"@type\":\"ImageObject\",\"inLanguage\":\"pt-BR\",\"@id\":\"https:\/\/grupobraco.com.br\/conteudo\/#\/schema\/logo\/image\/\",\"url\":\"https:\/\/grupobraco.com.br\/conteudo\/wp-content\/uploads\/2025\/04\/Z340-Logotipia-Reestruturacao-do-Branding.png\",\"contentUrl\":\"https:\/\/grupobraco.com.br\/conteudo\/wp-content\/uploads\/2025\/04\/Z340-Logotipia-Reestruturacao-do-Branding.png\",\"width\":1530,\"height\":1080,\"caption\":\"Br A\u00e7o\"},\"image\":{\"@id\":\"https:\/\/grupobraco.com.br\/conteudo\/#\/schema\/logo\/image\/\"}}]}<\/script>\n<!-- \/ Yoast SEO plugin. -->","yoast_head_json":{"title":"Vergalh\u00e3o Pre\u00e7o em Senador Canedo - BR A\u00e7o \u00e9 a Sua Melhor Op\u00e7\u00e3o!","description":"Encontre o melhor vergalh\u00e3o pre\u00e7o em Senador Canedo com a qualidade inigual\u00e1vel da BR A\u00e7o. Entregas r\u00e1pidas, produtos excepcionais e atendimento personalizado.","robots":{"index":"index","follow":"follow","max-snippet":"max-snippet:-1","max-image-preview":"max-image-preview:large","max-video-preview":"max-video-preview:-1"},"canonical":"https:\/\/grupobraco.com.br\/conteudo\/descubra-o-melhor-preco-de-vergalhao-em-senador-canedo-com-a-br-aco\/","og_locale":"pt_BR","og_type":"article","og_title":"Vergalh\u00e3o Pre\u00e7o em Senador Canedo - BR A\u00e7o \u00e9 a Sua Melhor Op\u00e7\u00e3o!","og_description":"Encontre o melhor vergalh\u00e3o pre\u00e7o em Senador Canedo com a qualidade inigual\u00e1vel da BR A\u00e7o. Entregas r\u00e1pidas, produtos excepcionais e atendimento personalizado.","og_url":"https:\/\/grupobraco.com.br\/conteudo\/descubra-o-melhor-preco-de-vergalhao-em-senador-canedo-com-a-br-aco\/","og_site_name":"Br A\u00e7o","twitter_card":"summary_large_image","twitter_misc":{"Est. tempo de leitura":"1 minuto"},"schema":{"@context":"https:\/\/schema.org","@graph":[{"@type":"WebPage","@id":"https:\/\/grupobraco.com.br\/conteudo\/descubra-o-melhor-preco-de-vergalhao-em-senador-canedo-com-a-br-aco\/","url":"https:\/\/grupobraco.com.br\/conteudo\/descubra-o-melhor-preco-de-vergalhao-em-senador-canedo-com-a-br-aco\/","name":"Vergalh\u00e3o Pre\u00e7o em Senador Canedo - BR A\u00e7o \u00e9 a Sua Melhor Op\u00e7\u00e3o!","isPartOf":{"@id":"https:\/\/grupobraco.com.br\/conteudo\/#website"},"datePublished":"2025-03-29T15:46:00+00:00","dateModified":"2025-03-29T15:46:00+00:00","description":"Encontre o melhor vergalh\u00e3o pre\u00e7o em Senador Canedo com a qualidade inigual\u00e1vel da BR A\u00e7o. Entregas r\u00e1pidas, produtos excepcionais e atendimento personalizado.","breadcrumb":{"@id":"https:\/\/grupobraco.com.br\/conteudo\/descubra-o-melhor-preco-de-vergalhao-em-senador-canedo-com-a-br-aco\/#breadcrumb"},"inLanguage":"pt-BR","potentialAction":[{"@type":"ReadAction","target":["https:\/\/grupobraco.com.br\/conteudo\/descubra-o-melhor-preco-de-vergalhao-em-senador-canedo-com-a-br-aco\/"]}]},{"@type":"BreadcrumbList","@id":"https:\/\/grupobraco.com.br\/conteudo\/descubra-o-melhor-preco-de-vergalhao-em-senador-canedo-com-a-br-aco\/#breadcrumb","itemListElement":[{"@type":"ListItem","position":1,"name":"Home","item":"https:\/\/grupobraco.com.br\/conteudo\/"},{"@type":"ListItem","position":2,"name":"Descubra o Melhor Pre\u00e7o de Vergalh\u00e3o em Senador Canedo com a BR A\u00e7o!"}]},{"@type":"WebSite","@id":"https:\/\/grupobraco.com.br\/conteudo\/#website","url":"https:\/\/grupobraco.com.br\/conteudo\/","name":"Br A\u00e7o","description":"Seus projetos na velocidade m\u00e1xima","publisher":{"@id":"https:\/\/grupobraco.com.br\/conteudo\/#organization"},"potentialAction":[{"@type":"SearchAction","target":{"@type":"EntryPoint","urlTemplate":"https:\/\/grupobraco.com.br\/conteudo\/?s={search_term_string}"},"query-input":{"@type":"PropertyValueSpecification","valueRequired":true,"valueName":"search_term_string"}}],"inLanguage":"pt-BR"},{"@type":"Organization","@id":"https:\/\/grupobraco.com.br\/conteudo\/#organization","name":"Br A\u00e7o","url":"https:\/\/grupobraco.com.br\/conteudo\/","logo":{"@type":"ImageObject","inLanguage":"pt-BR","@id":"https:\/\/grupobraco.com.br\/conteudo\/#\/schema\/logo\/image\/","url":"https:\/\/grupobraco.com.br\/conteudo\/wp-content\/uploads\/2025\/04\/Z340-Logotipia-Reestruturacao-do-Branding.png","contentUrl":"https:\/\/grupobraco.com.br\/conteudo\/wp-content\/uploads\/2025\/04\/Z340-Logotipia-Reestruturacao-do-Branding.png","width":1530,"height":1080,"caption":"Br A\u00e7o"},"image":{"@id":"https:\/\/grupobraco.com.br\/conteudo\/#\/schema\/logo\/image\/"}}]}},"_links":{"self":[{"href":"https:\/\/grupobraco.com.br\/conteudo\/wp-json\/wp\/v2\/pages\/1542","targetHints":{"allow":["GET"]}}],"collection":[{"href":"https:\/\/grupobraco.com.br\/conteudo\/wp-json\/wp\/v2\/pages"}],"about":[{"href":"https:\/\/grupobraco.com.br\/conteudo\/wp-json\/wp\/v2\/types\/page"}],"author":[{"embeddable":true,"href":"https:\/\/grupobraco.com.br\/conteudo\/wp-json\/wp\/v2\/users\/3"}],"replies":[{"embeddable":true,"href":"https:\/\/grupobraco.com.br\/conteudo\/wp-json\/wp\/v2\/comments?post=1542"}],"version-history":[{"count":0,"href":"https:\/\/grupobraco.com.br\/conteudo\/wp-json\/wp\/v2\/pages\/1542\/revisions"}],"wp:attachment":[{"href":"https:\/\/grupobraco.com.br\/conteudo\/wp-json\/wp\/v2\/media?parent=1542"}],"curies":[{"name":"wp","href":"https:\/\/api.w.org\/{rel}","templated":true}]}}