{"id":1512,"date":"2025-03-29T12:00:49","date_gmt":"2025-03-29T12:00:49","guid":{"rendered":"https:\/\/grupobraco.com.br\/conteudo\/descubra-onde-comprar-vergalhao-em-itumbiara-com-qualidade-e-agilidade\/"},"modified":"2025-03-29T12:00:49","modified_gmt":"2025-03-29T12:00:49","slug":"descubra-onde-comprar-vergalhao-em-itumbiara-com-qualidade-e-agilidade","status":"publish","type":"page","link":"https:\/\/grupobraco.com.br\/conteudo\/descubra-onde-comprar-vergalhao-em-itumbiara-com-qualidade-e-agilidade\/","title":{"rendered":"Descubra Onde Comprar Vergalh\u00e3o em Itumbiara com Qualidade e Agilidade"},"content":{"rendered":"<p>Se voc\u00ea est\u00e1 \u00e0 procura de onde comprar vergalh\u00e3o em Itumbiara, a sua busca termina aqui. A BR A\u00e7o se destaca como a principal op\u00e7\u00e3o para quem busca materiais de constru\u00e7\u00e3o de alta qualidade e com um atendimento que faz toda a diferen\u00e7a. Localizada no cora\u00e7\u00e3o de Goi\u00e1s, a BR A\u00e7o \u00e9 a maior ind\u00fastria de a\u00e7o para constru\u00e7\u00e3o civil na regi\u00e3o e oferece n\u00e3o apenas vergalh\u00e3o, mas uma gama completa de produtos que atendem \u00e0s exig\u00eancias do mercado atual. Com um compromisso inabal\u00e1vel com a qualidade e a efici\u00eancia, garantimos que voc\u00ea tenha acesso ao melhor vergalh\u00e3o dispon\u00edvel, al\u00e9m de prazos de entrega que realmente respeitam a necessidade do seu projeto. Ao escolher a BR A\u00e7o, voc\u00ea est\u00e1 optando por uma empresa que entende as demandas do setor e se especializa em oferecer solu\u00e7\u00f5es r\u00e1pidas e efetivas. Nossos profissionais est\u00e3o prontos para ajudar voc\u00ea a encontrar o melhor material para a sua obra, assegurando a qualidade que seus projetos precisam e a agilidade que voc\u00ea merece. Portanto, quando se trata de onde comprar vergalh\u00e3o em Itumbiara, n\u00e3o h\u00e1 d\u00favidas de que a BR A\u00e7o \u00e9 a escolha certa para voc\u00ea. Venha nos conhecer e aproveite os nossos pre\u00e7os competitivos, com vergalh\u00f5es de diversas espessuras e tipos, sempre prontos para atender suas necessidades de constru\u00e7\u00e3o.<\/p>\n","protected":false},"excerpt":{"rendered":"<p>Se voc\u00ea est\u00e1 \u00e0 procura de onde comprar vergalh\u00e3o em Itumbiara, a sua busca termina aqui. A BR A\u00e7o se destaca como a principal op\u00e7\u00e3o para quem busca materiais de constru\u00e7\u00e3o de alta qualidade e com um atendimento que faz toda a diferen\u00e7a. Localizada no cora\u00e7\u00e3o de Goi\u00e1s, a BR A\u00e7o \u00e9 a maior ind\u00fastria&hellip;&nbsp;<a href=\"https:\/\/grupobraco.com.br\/conteudo\/descubra-onde-comprar-vergalhao-em-itumbiara-com-qualidade-e-agilidade\/\" class=\"\" rel=\"bookmark\">Continue a ler &raquo;<span class=\"screen-reader-text\">Descubra Onde Comprar Vergalh\u00e3o em Itumbiara com Qualidade e Agilidade<\/span><\/a><\/p>\n","protected":false},"author":3,"featured_media":0,"parent":0,"menu_order":0,"comment_status":"closed","ping_status":"closed","template":"","meta":{"_acf_changed":false,"_yoast_wpseo_focuskw":"onde comprar vergalh\u00e3o em Itumbiara","_yoast_wpseo_title":"Compra de Vergalh\u00e3o em Itumbiara: Qualidade e Agilidade na BR A\u00e7o","_yoast_wpseo_metadesc":"Descubra onde comprar vergalh\u00e3o em Itumbiara com qualidade e entrega r\u00e1pida na BR A\u00e7o, sua parceira na constru\u00e7\u00e3o civil.","neve_meta_sidebar":"","neve_meta_container":"","neve_meta_enable_content_width":"","neve_meta_content_width":0,"neve_meta_title_alignment":"","neve_meta_author_avatar":"","neve_post_elements_order":"","neve_meta_disable_header":"","neve_meta_disable_footer":"","neve_meta_disable_title":"","footnotes":""},"class_list":["post-1512","page","type-page","status-publish","hentry"],"acf":{"introducao":"","conceitos_fundamentais":"","como_funciona":"","como_aplicar_no_dia_a_dia":"","principais_utilizacoes_e_beneficios":"","tipos_e_classificacoes":"","tecnologias_e_ferramentas_relacionadas":"","exemplos_e_casos_de_sucesso":"","mitos_e_verdades":"","perguntas_frequentes_faq":"","erros_comuns_e_como_evita-los":"","futuro_e_tendencias":"","conclusao":"","bloco1title":"Qualidade Incompar\u00e1vel","bloco1text":"Na BR A\u00e7o, oferecemos vergalh\u00e3o de alta qualidade, garantindo durabilidade e resist\u00eancia para sua obra.","bloco2title":"Entrega R\u00e1pida","bloco2text":"Comprometemo-nos com prazos de entrega que atendem as necessidades dos nossos clientes de forma eficaz.","bloco3title":"Atendimento Especializado","bloco3text":"Nossa equipe \u00e9 composta por profissionais experientes que podem auxiliar voc\u00ea na melhor escolha do vergalh\u00e3o.","insightwidtitle":"Curiosidades sobre Vergalh\u00e3o","insightwidcontent":"Voc\u00ea sabia que o vergalh\u00e3o \u00e9 essencial para refor\u00e7ar a estrutura de concreto? Sua principal fun\u00e7\u00e3o \u00e9 suportar tra\u00e7\u00e3o e preven\u00e7\u00e3o de rachaduras no concreto, garantindo estabilidade e seguran\u00e7a \u00e0s constru\u00e7\u00f5es. Na BR A\u00e7o, nossos vergalh\u00f5es s\u00e3o elaborados para atender as normas t\u00e9cnicas mais rigorosas, proporcionando a voc\u00ea e sua obra a certeza de durabilidade e seguran\u00e7a."},"yoast_head":"<!-- This site is optimized with the Yoast SEO plugin v23.4 - https:\/\/yoast.com\/wordpress\/plugins\/seo\/ -->\n<title>Compra de Vergalh\u00e3o em Itumbiara: Qualidade e Agilidade na BR A\u00e7o<\/title>\n<meta name=\"description\" content=\"Descubra onde comprar vergalh\u00e3o em Itumbiara com qualidade e entrega r\u00e1pida na BR A\u00e7o, sua parceira na constru\u00e7\u00e3o civil.\" \/>\n<meta name=\"robots\" content=\"index, follow, max-snippet:-1, max-image-preview:large, max-video-preview:-1\" \/>\n<link rel=\"canonical\" href=\"https:\/\/grupobraco.com.br\/conteudo\/descubra-onde-comprar-vergalhao-em-itumbiara-com-qualidade-e-agilidade\/\" \/>\n<meta property=\"og:locale\" content=\"pt_BR\" \/>\n<meta property=\"og:type\" content=\"article\" \/>\n<meta property=\"og:title\" content=\"Compra de Vergalh\u00e3o em Itumbiara: Qualidade e Agilidade na BR A\u00e7o\" \/>\n<meta property=\"og:description\" content=\"Descubra onde comprar vergalh\u00e3o em Itumbiara com qualidade e entrega r\u00e1pida na BR A\u00e7o, sua parceira na constru\u00e7\u00e3o civil.\" \/>\n<meta property=\"og:url\" content=\"https:\/\/grupobraco.com.br\/conteudo\/descubra-onde-comprar-vergalhao-em-itumbiara-com-qualidade-e-agilidade\/\" \/>\n<meta property=\"og:site_name\" content=\"Br A\u00e7o\" \/>\n<meta name=\"twitter:card\" content=\"summary_large_image\" \/>\n<meta name=\"twitter:label1\" content=\"Est. tempo de leitura\" \/>\n\t<meta name=\"twitter:data1\" content=\"1 minuto\" \/>\n<script type=\"application\/ld+json\" class=\"yoast-schema-graph\">{\"@context\":\"https:\/\/schema.org\",\"@graph\":[{\"@type\":\"WebPage\",\"@id\":\"https:\/\/grupobraco.com.br\/conteudo\/descubra-onde-comprar-vergalhao-em-itumbiara-com-qualidade-e-agilidade\/\",\"url\":\"https:\/\/grupobraco.com.br\/conteudo\/descubra-onde-comprar-vergalhao-em-itumbiara-com-qualidade-e-agilidade\/\",\"name\":\"Compra de Vergalh\u00e3o em Itumbiara: Qualidade e Agilidade na BR A\u00e7o\",\"isPartOf\":{\"@id\":\"https:\/\/grupobraco.com.br\/conteudo\/#website\"},\"datePublished\":\"2025-03-29T12:00:49+00:00\",\"dateModified\":\"2025-03-29T12:00:49+00:00\",\"description\":\"Descubra onde comprar vergalh\u00e3o em Itumbiara com qualidade e entrega r\u00e1pida na BR A\u00e7o, sua parceira na constru\u00e7\u00e3o civil.\",\"breadcrumb\":{\"@id\":\"https:\/\/grupobraco.com.br\/conteudo\/descubra-onde-comprar-vergalhao-em-itumbiara-com-qualidade-e-agilidade\/#breadcrumb\"},\"inLanguage\":\"pt-BR\",\"potentialAction\":[{\"@type\":\"ReadAction\",\"target\":[\"https:\/\/grupobraco.com.br\/conteudo\/descubra-onde-comprar-vergalhao-em-itumbiara-com-qualidade-e-agilidade\/\"]}]},{\"@type\":\"BreadcrumbList\",\"@id\":\"https:\/\/grupobraco.com.br\/conteudo\/descubra-onde-comprar-vergalhao-em-itumbiara-com-qualidade-e-agilidade\/#breadcrumb\",\"itemListElement\":[{\"@type\":\"ListItem\",\"position\":1,\"name\":\"Home\",\"item\":\"https:\/\/grupobraco.com.br\/conteudo\/\"},{\"@type\":\"ListItem\",\"position\":2,\"name\":\"Descubra Onde Comprar Vergalh\u00e3o em Itumbiara com Qualidade e Agilidade\"}]},{\"@type\":\"WebSite\",\"@id\":\"https:\/\/grupobraco.com.br\/conteudo\/#website\",\"url\":\"https:\/\/grupobraco.com.br\/conteudo\/\",\"name\":\"Br A\u00e7o\",\"description\":\"Seus projetos na velocidade m\u00e1xima\",\"publisher\":{\"@id\":\"https:\/\/grupobraco.com.br\/conteudo\/#organization\"},\"potentialAction\":[{\"@type\":\"SearchAction\",\"target\":{\"@type\":\"EntryPoint\",\"urlTemplate\":\"https:\/\/grupobraco.com.br\/conteudo\/?s={search_term_string}\"},\"query-input\":{\"@type\":\"PropertyValueSpecification\",\"valueRequired\":true,\"valueName\":\"search_term_string\"}}],\"inLanguage\":\"pt-BR\"},{\"@type\":\"Organization\",\"@id\":\"https:\/\/grupobraco.com.br\/conteudo\/#organization\",\"name\":\"Br A\u00e7o\",\"url\":\"https:\/\/grupobraco.com.br\/conteudo\/\",\"logo\":{\"@type\":\"ImageObject\",\"inLanguage\":\"pt-BR\",\"@id\":\"https:\/\/grupobraco.com.br\/conteudo\/#\/schema\/logo\/image\/\",\"url\":\"https:\/\/grupobraco.com.br\/conteudo\/wp-content\/uploads\/2025\/04\/Z340-Logotipia-Reestruturacao-do-Branding.png\",\"contentUrl\":\"https:\/\/grupobraco.com.br\/conteudo\/wp-content\/uploads\/2025\/04\/Z340-Logotipia-Reestruturacao-do-Branding.png\",\"width\":1530,\"height\":1080,\"caption\":\"Br A\u00e7o\"},\"image\":{\"@id\":\"https:\/\/grupobraco.com.br\/conteudo\/#\/schema\/logo\/image\/\"}}]}<\/script>\n<!-- \/ Yoast SEO plugin. -->","yoast_head_json":{"title":"Compra de Vergalh\u00e3o em Itumbiara: Qualidade e Agilidade na BR A\u00e7o","description":"Descubra onde comprar vergalh\u00e3o em Itumbiara com qualidade e entrega r\u00e1pida na BR A\u00e7o, sua parceira na constru\u00e7\u00e3o civil.","robots":{"index":"index","follow":"follow","max-snippet":"max-snippet:-1","max-image-preview":"max-image-preview:large","max-video-preview":"max-video-preview:-1"},"canonical":"https:\/\/grupobraco.com.br\/conteudo\/descubra-onde-comprar-vergalhao-em-itumbiara-com-qualidade-e-agilidade\/","og_locale":"pt_BR","og_type":"article","og_title":"Compra de Vergalh\u00e3o em Itumbiara: Qualidade e Agilidade na BR A\u00e7o","og_description":"Descubra onde comprar vergalh\u00e3o em Itumbiara com qualidade e entrega r\u00e1pida na BR A\u00e7o, sua parceira na constru\u00e7\u00e3o civil.","og_url":"https:\/\/grupobraco.com.br\/conteudo\/descubra-onde-comprar-vergalhao-em-itumbiara-com-qualidade-e-agilidade\/","og_site_name":"Br A\u00e7o","twitter_card":"summary_large_image","twitter_misc":{"Est. tempo de leitura":"1 minuto"},"schema":{"@context":"https:\/\/schema.org","@graph":[{"@type":"WebPage","@id":"https:\/\/grupobraco.com.br\/conteudo\/descubra-onde-comprar-vergalhao-em-itumbiara-com-qualidade-e-agilidade\/","url":"https:\/\/grupobraco.com.br\/conteudo\/descubra-onde-comprar-vergalhao-em-itumbiara-com-qualidade-e-agilidade\/","name":"Compra de Vergalh\u00e3o em Itumbiara: Qualidade e Agilidade na BR A\u00e7o","isPartOf":{"@id":"https:\/\/grupobraco.com.br\/conteudo\/#website"},"datePublished":"2025-03-29T12:00:49+00:00","dateModified":"2025-03-29T12:00:49+00:00","description":"Descubra onde comprar vergalh\u00e3o em Itumbiara com qualidade e entrega r\u00e1pida na BR A\u00e7o, sua parceira na constru\u00e7\u00e3o civil.","breadcrumb":{"@id":"https:\/\/grupobraco.com.br\/conteudo\/descubra-onde-comprar-vergalhao-em-itumbiara-com-qualidade-e-agilidade\/#breadcrumb"},"inLanguage":"pt-BR","potentialAction":[{"@type":"ReadAction","target":["https:\/\/grupobraco.com.br\/conteudo\/descubra-onde-comprar-vergalhao-em-itumbiara-com-qualidade-e-agilidade\/"]}]},{"@type":"BreadcrumbList","@id":"https:\/\/grupobraco.com.br\/conteudo\/descubra-onde-comprar-vergalhao-em-itumbiara-com-qualidade-e-agilidade\/#breadcrumb","itemListElement":[{"@type":"ListItem","position":1,"name":"Home","item":"https:\/\/grupobraco.com.br\/conteudo\/"},{"@type":"ListItem","position":2,"name":"Descubra Onde Comprar Vergalh\u00e3o em Itumbiara com Qualidade e Agilidade"}]},{"@type":"WebSite","@id":"https:\/\/grupobraco.com.br\/conteudo\/#website","url":"https:\/\/grupobraco.com.br\/conteudo\/","name":"Br A\u00e7o","description":"Seus projetos na velocidade m\u00e1xima","publisher":{"@id":"https:\/\/grupobraco.com.br\/conteudo\/#organization"},"potentialAction":[{"@type":"SearchAction","target":{"@type":"EntryPoint","urlTemplate":"https:\/\/grupobraco.com.br\/conteudo\/?s={search_term_string}"},"query-input":{"@type":"PropertyValueSpecification","valueRequired":true,"valueName":"search_term_string"}}],"inLanguage":"pt-BR"},{"@type":"Organization","@id":"https:\/\/grupobraco.com.br\/conteudo\/#organization","name":"Br A\u00e7o","url":"https:\/\/grupobraco.com.br\/conteudo\/","logo":{"@type":"ImageObject","inLanguage":"pt-BR","@id":"https:\/\/grupobraco.com.br\/conteudo\/#\/schema\/logo\/image\/","url":"https:\/\/grupobraco.com.br\/conteudo\/wp-content\/uploads\/2025\/04\/Z340-Logotipia-Reestruturacao-do-Branding.png","contentUrl":"https:\/\/grupobraco.com.br\/conteudo\/wp-content\/uploads\/2025\/04\/Z340-Logotipia-Reestruturacao-do-Branding.png","width":1530,"height":1080,"caption":"Br A\u00e7o"},"image":{"@id":"https:\/\/grupobraco.com.br\/conteudo\/#\/schema\/logo\/image\/"}}]}},"_links":{"self":[{"href":"https:\/\/grupobraco.com.br\/conteudo\/wp-json\/wp\/v2\/pages\/1512","targetHints":{"allow":["GET"]}}],"collection":[{"href":"https:\/\/grupobraco.com.br\/conteudo\/wp-json\/wp\/v2\/pages"}],"about":[{"href":"https:\/\/grupobraco.com.br\/conteudo\/wp-json\/wp\/v2\/types\/page"}],"author":[{"embeddable":true,"href":"https:\/\/grupobraco.com.br\/conteudo\/wp-json\/wp\/v2\/users\/3"}],"replies":[{"embeddable":true,"href":"https:\/\/grupobraco.com.br\/conteudo\/wp-json\/wp\/v2\/comments?post=1512"}],"version-history":[{"count":0,"href":"https:\/\/grupobraco.com.br\/conteudo\/wp-json\/wp\/v2\/pages\/1512\/revisions"}],"wp:attachment":[{"href":"https:\/\/grupobraco.com.br\/conteudo\/wp-json\/wp\/v2\/media?parent=1512"}],"curies":[{"name":"wp","href":"https:\/\/api.w.org\/{rel}","templated":true}]}}