{"id":1430,"date":"2025-03-29T01:45:53","date_gmt":"2025-03-29T01:45:53","guid":{"rendered":"https:\/\/grupobraco.com.br\/conteudo\/br-aco-a-fabrica-de-vergalhao-em-itumbiara-que-transforma-projetos-em-realidade-2\/"},"modified":"2025-03-29T01:45:53","modified_gmt":"2025-03-29T01:45:53","slug":"br-aco-a-fabrica-de-vergalhao-em-itumbiara-que-transforma-projetos-em-realidade-2","status":"publish","type":"page","link":"https:\/\/grupobraco.com.br\/conteudo\/br-aco-a-fabrica-de-vergalhao-em-itumbiara-que-transforma-projetos-em-realidade-2\/","title":{"rendered":"BR A\u00e7o: A F\u00e1brica de Vergalh\u00e3o em Itumbiara que Transforma Projetos em Realidade"},"content":{"rendered":"<p>Se voc\u00ea est\u00e1 em busca de uma f\u00e1brica de vergalh\u00e3o em Itumbiara que possa suprir suas necessidades de constru\u00e7\u00e3o, a BR A\u00e7o \u00e9 a escolha certa. Com um compromisso inabal\u00e1vel com a qualidade e a efici\u00eancia, n\u00f3s nos destacamos no competitivo mercado da constru\u00e7\u00e3o civil em Goi\u00e1s. Nossa f\u00e1brica de vergalh\u00e3o foi projetada para oferecer produtos com alto padr\u00e3o de qualidade e entrega r\u00e1pida, essencial para o sucesso de qualquer projeto de constru\u00e7\u00e3o. Aqui, na BR A\u00e7o, entendemos que cada minuto conta e por isso, temos uma log\u00edstica que garante que seu material chegue at\u00e9 voc\u00ea no menor tempo poss\u00edvel. Nossa equipe \u00e9 formada por profissionais experientes que trabalham arduamente para garantir que nossos clientes recebam os melhores produtos do mercado, sempre com um atendimento personalizado. A fabrica\u00e7\u00e3o de vergalh\u00e3o em Itumbiara, al\u00e9m de ser um servi\u00e7o de ponta, \u00e9 tamb\u00e9m um reflexo da nossa miss\u00e3o de transformar a constru\u00e7\u00e3o civil na regi\u00e3o. Com diversas op\u00e7\u00f5es de formatos e medidas, buscamos atender desde pequenas obras at\u00e9 grandes empreendimentos. Assim, estamos sempre prontos para apoiar a execu\u00e7\u00e3o de seus projetos, proporcionando a qualidade necess\u00e1ria e a seguran\u00e7a que eles exigem. Dentro desse cen\u00e1rio, a escolha da f\u00e1brica de vergalh\u00e3o em Itumbiara se torna um fator crucial para o sucesso da sua obra.   <\/p>\n","protected":false},"excerpt":{"rendered":"<p>Se voc\u00ea est\u00e1 em busca de uma f\u00e1brica de vergalh\u00e3o em Itumbiara que possa suprir suas necessidades de constru\u00e7\u00e3o, a BR A\u00e7o \u00e9 a escolha certa. Com um compromisso inabal\u00e1vel com a qualidade e a efici\u00eancia, n\u00f3s nos destacamos no competitivo mercado da constru\u00e7\u00e3o civil em Goi\u00e1s. Nossa f\u00e1brica de vergalh\u00e3o foi projetada para oferecer&hellip;&nbsp;<a href=\"https:\/\/grupobraco.com.br\/conteudo\/br-aco-a-fabrica-de-vergalhao-em-itumbiara-que-transforma-projetos-em-realidade-2\/\" class=\"\" rel=\"bookmark\">Continue a ler &raquo;<span class=\"screen-reader-text\">BR A\u00e7o: A F\u00e1brica de Vergalh\u00e3o em Itumbiara que Transforma Projetos em Realidade<\/span><\/a><\/p>\n","protected":false},"author":3,"featured_media":0,"parent":0,"menu_order":0,"comment_status":"closed","ping_status":"closed","template":"","meta":{"_acf_changed":false,"_yoast_wpseo_focuskw":"F\u00e1brica de vergalh\u00e3o em Itumbiara","_yoast_wpseo_title":"F\u00e1brica de Vergalh\u00e3o em Itumbiara - BR A\u00e7o, Qualidade e Velocidade","_yoast_wpseo_metadesc":"A BR A\u00e7o \u00e9 a principal f\u00e1brica de vergalh\u00e3o em Itumbiara, oferecendo qualidade, efici\u00eancia e entrega r\u00e1pida para seus projetos de constru\u00e7\u00e3o.","neve_meta_sidebar":"","neve_meta_container":"","neve_meta_enable_content_width":"","neve_meta_content_width":0,"neve_meta_title_alignment":"","neve_meta_author_avatar":"","neve_post_elements_order":"","neve_meta_disable_header":"","neve_meta_disable_footer":"","neve_meta_disable_title":"","footnotes":""},"class_list":["post-1430","page","type-page","status-publish","hentry"],"acf":{"introducao":"","conceitos_fundamentais":"","como_funciona":"","como_aplicar_no_dia_a_dia":"","principais_utilizacoes_e_beneficios":"","tipos_e_classificacoes":"","tecnologias_e_ferramentas_relacionadas":"","exemplos_e_casos_de_sucesso":"","mitos_e_verdades":"","perguntas_frequentes_faq":"","erros_comuns_e_como_evita-los":"","futuro_e_tendencias":"","conclusao":"","bloco1title":"Qualidade Superior","bloco1text":"Na BR A\u00e7o, a qualidade \u00e9 prioridadade. Utilizamos mat\u00e9ria-prima de primeira linha para garantir produtos dur\u00e1veis e confi\u00e1veis.","bloco2title":"Entrega R\u00e1pida","bloco2text":"Temos um compromisso com a efici\u00eancia da entrega, tornando a nossa f\u00e1brica de vergalh\u00e3o em Itumbiara a op\u00e7\u00e3o mais \u00e1gil para seus projetos.","bloco3title":"Experi\u00eancia Comprovada","bloco3text":"Com profissionais qualificados e uma equipe pronta para inovar, a BR A\u00e7o \u00e9 sin\u00f4nimo de confian\u00e7a e expertise na produ\u00e7\u00e3o de vergalh\u00e3o.","insightwidtitle":"Curiosidades sobre Vergalh\u00e3o","insightwidcontent":"Voc\u00ea sabia que o vergalh\u00e3o utilizado na constru\u00e7\u00e3o civil \u00e9 um dos materiais mais recicl\u00e1veis que existem? Na verdade, cerca de 80% do a\u00e7o utilizado na constru\u00e7\u00e3o s\u00e3o retirados de produtos reciclados. Isso n\u00e3o s\u00f3 minimiza os res\u00edduos ambientais, mas tamb\u00e9m reduz o custo do a\u00e7o novo, fazendo do vergalh\u00e3o uma escolha inteligente e sustent\u00e1vel para projetos que priorizam a responsabilidade ambiental."},"yoast_head":"<!-- This site is optimized with the Yoast SEO plugin v23.4 - https:\/\/yoast.com\/wordpress\/plugins\/seo\/ -->\n<title>F\u00e1brica de Vergalh\u00e3o em Itumbiara - BR A\u00e7o, Qualidade e Velocidade<\/title>\n<meta name=\"description\" content=\"A BR A\u00e7o \u00e9 a principal f\u00e1brica de vergalh\u00e3o em Itumbiara, oferecendo qualidade, efici\u00eancia e entrega r\u00e1pida para seus projetos de constru\u00e7\u00e3o.\" \/>\n<meta name=\"robots\" content=\"index, follow, max-snippet:-1, max-image-preview:large, max-video-preview:-1\" \/>\n<link rel=\"canonical\" href=\"https:\/\/grupobraco.com.br\/conteudo\/br-aco-a-fabrica-de-vergalhao-em-itumbiara-que-transforma-projetos-em-realidade-2\/\" \/>\n<meta property=\"og:locale\" content=\"pt_BR\" \/>\n<meta property=\"og:type\" content=\"article\" \/>\n<meta property=\"og:title\" content=\"F\u00e1brica de Vergalh\u00e3o em Itumbiara - BR A\u00e7o, Qualidade e Velocidade\" \/>\n<meta property=\"og:description\" content=\"A BR A\u00e7o \u00e9 a principal f\u00e1brica de vergalh\u00e3o em Itumbiara, oferecendo qualidade, efici\u00eancia e entrega r\u00e1pida para seus projetos de constru\u00e7\u00e3o.\" \/>\n<meta property=\"og:url\" content=\"https:\/\/grupobraco.com.br\/conteudo\/br-aco-a-fabrica-de-vergalhao-em-itumbiara-que-transforma-projetos-em-realidade-2\/\" \/>\n<meta property=\"og:site_name\" content=\"Br A\u00e7o\" \/>\n<meta name=\"twitter:card\" content=\"summary_large_image\" \/>\n<meta name=\"twitter:label1\" content=\"Est. tempo de leitura\" \/>\n\t<meta name=\"twitter:data1\" content=\"1 minuto\" \/>\n<script type=\"application\/ld+json\" class=\"yoast-schema-graph\">{\"@context\":\"https:\/\/schema.org\",\"@graph\":[{\"@type\":\"WebPage\",\"@id\":\"https:\/\/grupobraco.com.br\/conteudo\/br-aco-a-fabrica-de-vergalhao-em-itumbiara-que-transforma-projetos-em-realidade-2\/\",\"url\":\"https:\/\/grupobraco.com.br\/conteudo\/br-aco-a-fabrica-de-vergalhao-em-itumbiara-que-transforma-projetos-em-realidade-2\/\",\"name\":\"F\u00e1brica de Vergalh\u00e3o em Itumbiara - BR A\u00e7o, Qualidade e Velocidade\",\"isPartOf\":{\"@id\":\"https:\/\/grupobraco.com.br\/conteudo\/#website\"},\"datePublished\":\"2025-03-29T01:45:53+00:00\",\"dateModified\":\"2025-03-29T01:45:53+00:00\",\"description\":\"A BR A\u00e7o \u00e9 a principal f\u00e1brica de vergalh\u00e3o em Itumbiara, oferecendo qualidade, efici\u00eancia e entrega r\u00e1pida para seus projetos de constru\u00e7\u00e3o.\",\"breadcrumb\":{\"@id\":\"https:\/\/grupobraco.com.br\/conteudo\/br-aco-a-fabrica-de-vergalhao-em-itumbiara-que-transforma-projetos-em-realidade-2\/#breadcrumb\"},\"inLanguage\":\"pt-BR\",\"potentialAction\":[{\"@type\":\"ReadAction\",\"target\":[\"https:\/\/grupobraco.com.br\/conteudo\/br-aco-a-fabrica-de-vergalhao-em-itumbiara-que-transforma-projetos-em-realidade-2\/\"]}]},{\"@type\":\"BreadcrumbList\",\"@id\":\"https:\/\/grupobraco.com.br\/conteudo\/br-aco-a-fabrica-de-vergalhao-em-itumbiara-que-transforma-projetos-em-realidade-2\/#breadcrumb\",\"itemListElement\":[{\"@type\":\"ListItem\",\"position\":1,\"name\":\"Home\",\"item\":\"https:\/\/grupobraco.com.br\/conteudo\/\"},{\"@type\":\"ListItem\",\"position\":2,\"name\":\"BR A\u00e7o: A F\u00e1brica de Vergalh\u00e3o em Itumbiara que Transforma Projetos em Realidade\"}]},{\"@type\":\"WebSite\",\"@id\":\"https:\/\/grupobraco.com.br\/conteudo\/#website\",\"url\":\"https:\/\/grupobraco.com.br\/conteudo\/\",\"name\":\"Br A\u00e7o\",\"description\":\"Seus projetos na velocidade m\u00e1xima\",\"publisher\":{\"@id\":\"https:\/\/grupobraco.com.br\/conteudo\/#organization\"},\"potentialAction\":[{\"@type\":\"SearchAction\",\"target\":{\"@type\":\"EntryPoint\",\"urlTemplate\":\"https:\/\/grupobraco.com.br\/conteudo\/?s={search_term_string}\"},\"query-input\":{\"@type\":\"PropertyValueSpecification\",\"valueRequired\":true,\"valueName\":\"search_term_string\"}}],\"inLanguage\":\"pt-BR\"},{\"@type\":\"Organization\",\"@id\":\"https:\/\/grupobraco.com.br\/conteudo\/#organization\",\"name\":\"Br A\u00e7o\",\"url\":\"https:\/\/grupobraco.com.br\/conteudo\/\",\"logo\":{\"@type\":\"ImageObject\",\"inLanguage\":\"pt-BR\",\"@id\":\"https:\/\/grupobraco.com.br\/conteudo\/#\/schema\/logo\/image\/\",\"url\":\"https:\/\/grupobraco.com.br\/conteudo\/wp-content\/uploads\/2025\/04\/Z340-Logotipia-Reestruturacao-do-Branding.png\",\"contentUrl\":\"https:\/\/grupobraco.com.br\/conteudo\/wp-content\/uploads\/2025\/04\/Z340-Logotipia-Reestruturacao-do-Branding.png\",\"width\":1530,\"height\":1080,\"caption\":\"Br A\u00e7o\"},\"image\":{\"@id\":\"https:\/\/grupobraco.com.br\/conteudo\/#\/schema\/logo\/image\/\"}}]}<\/script>\n<!-- \/ Yoast SEO plugin. -->","yoast_head_json":{"title":"F\u00e1brica de Vergalh\u00e3o em Itumbiara - BR A\u00e7o, Qualidade e Velocidade","description":"A BR A\u00e7o \u00e9 a principal f\u00e1brica de vergalh\u00e3o em Itumbiara, oferecendo qualidade, efici\u00eancia e entrega r\u00e1pida para seus projetos de constru\u00e7\u00e3o.","robots":{"index":"index","follow":"follow","max-snippet":"max-snippet:-1","max-image-preview":"max-image-preview:large","max-video-preview":"max-video-preview:-1"},"canonical":"https:\/\/grupobraco.com.br\/conteudo\/br-aco-a-fabrica-de-vergalhao-em-itumbiara-que-transforma-projetos-em-realidade-2\/","og_locale":"pt_BR","og_type":"article","og_title":"F\u00e1brica de Vergalh\u00e3o em Itumbiara - BR A\u00e7o, Qualidade e Velocidade","og_description":"A BR A\u00e7o \u00e9 a principal f\u00e1brica de vergalh\u00e3o em Itumbiara, oferecendo qualidade, efici\u00eancia e entrega r\u00e1pida para seus projetos de constru\u00e7\u00e3o.","og_url":"https:\/\/grupobraco.com.br\/conteudo\/br-aco-a-fabrica-de-vergalhao-em-itumbiara-que-transforma-projetos-em-realidade-2\/","og_site_name":"Br A\u00e7o","twitter_card":"summary_large_image","twitter_misc":{"Est. tempo de leitura":"1 minuto"},"schema":{"@context":"https:\/\/schema.org","@graph":[{"@type":"WebPage","@id":"https:\/\/grupobraco.com.br\/conteudo\/br-aco-a-fabrica-de-vergalhao-em-itumbiara-que-transforma-projetos-em-realidade-2\/","url":"https:\/\/grupobraco.com.br\/conteudo\/br-aco-a-fabrica-de-vergalhao-em-itumbiara-que-transforma-projetos-em-realidade-2\/","name":"F\u00e1brica de Vergalh\u00e3o em Itumbiara - BR A\u00e7o, Qualidade e Velocidade","isPartOf":{"@id":"https:\/\/grupobraco.com.br\/conteudo\/#website"},"datePublished":"2025-03-29T01:45:53+00:00","dateModified":"2025-03-29T01:45:53+00:00","description":"A BR A\u00e7o \u00e9 a principal f\u00e1brica de vergalh\u00e3o em Itumbiara, oferecendo qualidade, efici\u00eancia e entrega r\u00e1pida para seus projetos de constru\u00e7\u00e3o.","breadcrumb":{"@id":"https:\/\/grupobraco.com.br\/conteudo\/br-aco-a-fabrica-de-vergalhao-em-itumbiara-que-transforma-projetos-em-realidade-2\/#breadcrumb"},"inLanguage":"pt-BR","potentialAction":[{"@type":"ReadAction","target":["https:\/\/grupobraco.com.br\/conteudo\/br-aco-a-fabrica-de-vergalhao-em-itumbiara-que-transforma-projetos-em-realidade-2\/"]}]},{"@type":"BreadcrumbList","@id":"https:\/\/grupobraco.com.br\/conteudo\/br-aco-a-fabrica-de-vergalhao-em-itumbiara-que-transforma-projetos-em-realidade-2\/#breadcrumb","itemListElement":[{"@type":"ListItem","position":1,"name":"Home","item":"https:\/\/grupobraco.com.br\/conteudo\/"},{"@type":"ListItem","position":2,"name":"BR A\u00e7o: A F\u00e1brica de Vergalh\u00e3o em Itumbiara que Transforma Projetos em Realidade"}]},{"@type":"WebSite","@id":"https:\/\/grupobraco.com.br\/conteudo\/#website","url":"https:\/\/grupobraco.com.br\/conteudo\/","name":"Br A\u00e7o","description":"Seus projetos na velocidade m\u00e1xima","publisher":{"@id":"https:\/\/grupobraco.com.br\/conteudo\/#organization"},"potentialAction":[{"@type":"SearchAction","target":{"@type":"EntryPoint","urlTemplate":"https:\/\/grupobraco.com.br\/conteudo\/?s={search_term_string}"},"query-input":{"@type":"PropertyValueSpecification","valueRequired":true,"valueName":"search_term_string"}}],"inLanguage":"pt-BR"},{"@type":"Organization","@id":"https:\/\/grupobraco.com.br\/conteudo\/#organization","name":"Br A\u00e7o","url":"https:\/\/grupobraco.com.br\/conteudo\/","logo":{"@type":"ImageObject","inLanguage":"pt-BR","@id":"https:\/\/grupobraco.com.br\/conteudo\/#\/schema\/logo\/image\/","url":"https:\/\/grupobraco.com.br\/conteudo\/wp-content\/uploads\/2025\/04\/Z340-Logotipia-Reestruturacao-do-Branding.png","contentUrl":"https:\/\/grupobraco.com.br\/conteudo\/wp-content\/uploads\/2025\/04\/Z340-Logotipia-Reestruturacao-do-Branding.png","width":1530,"height":1080,"caption":"Br A\u00e7o"},"image":{"@id":"https:\/\/grupobraco.com.br\/conteudo\/#\/schema\/logo\/image\/"}}]}},"_links":{"self":[{"href":"https:\/\/grupobraco.com.br\/conteudo\/wp-json\/wp\/v2\/pages\/1430","targetHints":{"allow":["GET"]}}],"collection":[{"href":"https:\/\/grupobraco.com.br\/conteudo\/wp-json\/wp\/v2\/pages"}],"about":[{"href":"https:\/\/grupobraco.com.br\/conteudo\/wp-json\/wp\/v2\/types\/page"}],"author":[{"embeddable":true,"href":"https:\/\/grupobraco.com.br\/conteudo\/wp-json\/wp\/v2\/users\/3"}],"replies":[{"embeddable":true,"href":"https:\/\/grupobraco.com.br\/conteudo\/wp-json\/wp\/v2\/comments?post=1430"}],"version-history":[{"count":0,"href":"https:\/\/grupobraco.com.br\/conteudo\/wp-json\/wp\/v2\/pages\/1430\/revisions"}],"wp:attachment":[{"href":"https:\/\/grupobraco.com.br\/conteudo\/wp-json\/wp\/v2\/media?parent=1430"}],"curies":[{"name":"wp","href":"https:\/\/api.w.org\/{rel}","templated":true}]}}