{"id":1160,"date":"2025-03-27T16:01:01","date_gmt":"2025-03-27T16:01:01","guid":{"rendered":"https:\/\/grupobraco.com.br\/conteudo\/onde-comprar-vergalhao-em-senador-canedo-dicas-e-melhores-locais\/"},"modified":"2025-03-27T16:01:01","modified_gmt":"2025-03-27T16:01:01","slug":"onde-comprar-vergalhao-em-senador-canedo-dicas-e-melhores-locais","status":"publish","type":"page","link":"https:\/\/grupobraco.com.br\/conteudo\/onde-comprar-vergalhao-em-senador-canedo-dicas-e-melhores-locais\/","title":{"rendered":"Onde Comprar Vergalh\u00e3o em Senador Canedo: Dicas e Melhores Locais"},"content":{"rendered":"<p>Se voc\u00ea est\u00e1 em busca de onde comprar vergalh\u00e3o em Senador Canedo, a BR A\u00e7o \u00e9 a escolha perfeita para suas necessidades. Com uma reputa\u00e7\u00e3o consolidada na ind\u00fastria de a\u00e7o para constru\u00e7\u00e3o civil, oferecemos produtos de alta qualidade e uma variedade consider\u00e1vel de op\u00e7\u00f5es que se adequam \u00e0s demandas do mercado local. Nossa empresa \u00e9 reconhecida pela efici\u00eancia nas entregas e pela excel\u00eancia dos nossos materiais, o que nos posiciona como l\u00edderes no setor. Al\u00e9m disso, disponibilizamos um atendimento ao cliente que garante que cada d\u00favida seja esclarecida e cada projeto seja realizado com a m\u00e1xima qualidade. Ao escolher a BR A\u00e7o, voc\u00ea n\u00e3o s\u00f3 adquire vergalh\u00f5es, mas tamb\u00e9m a confian\u00e7a de contar com uma equipe que se dedica a superar suas expectativas, trabalhando para que os seus projetos sejam executados na velocidade m\u00e1xima. Compreender onde comprar vergalh\u00e3o em Senador Canedo \u00e9 fundamental para assegurar que sua obra inicie com o p\u00e9 direito. Seja para pequenas reformas ou grandes constru\u00e7\u00f5es, nosso portf\u00f3lio possui op\u00e7\u00f5es diversificadas que se encaixam nas mais diversas aplica\u00e7\u00f5es. Consulte nossos profissionais e venha conhecer nossos produtos, onde cada vergalh\u00e3o pode fazer a diferen\u00e7a na estrutura final de seu projeto. Nossa miss\u00e3o \u00e9 facilitar sua jornada na constru\u00e7\u00e3o, proporcionando materiais que inspiram seguran\u00e7a e resist\u00eancia.<\/p>\n","protected":false},"excerpt":{"rendered":"<p>Se voc\u00ea est\u00e1 em busca de onde comprar vergalh\u00e3o em Senador Canedo, a BR A\u00e7o \u00e9 a escolha perfeita para suas necessidades. Com uma reputa\u00e7\u00e3o consolidada na ind\u00fastria de a\u00e7o para constru\u00e7\u00e3o civil, oferecemos produtos de alta qualidade e uma variedade consider\u00e1vel de op\u00e7\u00f5es que se adequam \u00e0s demandas do mercado local. Nossa empresa \u00e9&hellip;&nbsp;<a href=\"https:\/\/grupobraco.com.br\/conteudo\/onde-comprar-vergalhao-em-senador-canedo-dicas-e-melhores-locais\/\" class=\"\" rel=\"bookmark\">Continue a ler &raquo;<span class=\"screen-reader-text\">Onde Comprar Vergalh\u00e3o em Senador Canedo: Dicas e Melhores Locais<\/span><\/a><\/p>\n","protected":false},"author":3,"featured_media":0,"parent":0,"menu_order":0,"comment_status":"closed","ping_status":"closed","template":"","meta":{"_acf_changed":false,"_yoast_wpseo_focuskw":"onde comprar vergalh\u00e3o em Senador Canedo","_yoast_wpseo_title":"Onde Comprar Vergalh\u00e3o em Senador Canedo: BR A\u00e7o \u00e9 sua Melhor Op\u00e7\u00e3o","_yoast_wpseo_metadesc":"Encontre dicas e informa\u00e7\u00f5es sobre onde comprar vergalh\u00e3o em Senador Canedo com a BR A\u00e7o. Conhe\u00e7a nossos produtos e atendimento.","neve_meta_sidebar":"","neve_meta_container":"","neve_meta_enable_content_width":"","neve_meta_content_width":0,"neve_meta_title_alignment":"","neve_meta_author_avatar":"","neve_post_elements_order":"","neve_meta_disable_header":"","neve_meta_disable_footer":"","neve_meta_disable_title":"","footnotes":""},"class_list":["post-1160","page","type-page","status-publish","hentry"],"acf":{"introducao":"","conceitos_fundamentais":"","como_funciona":"","como_aplicar_no_dia_a_dia":"","principais_utilizacoes_e_beneficios":"","tipos_e_classificacoes":"","tecnologias_e_ferramentas_relacionadas":"","exemplos_e_casos_de_sucesso":"","mitos_e_verdades":"","perguntas_frequentes_faq":"","erros_comuns_e_como_evita-los":"","futuro_e_tendencias":"","conclusao":"","bloco1title":"Qualidade Superior","bloco1text":"Oferecemos vergalh\u00f5es com certifica\u00e7\u00e3o de qualidade que garante durabilidade e resist\u00eancia nas suas obras.","bloco2title":"Atendimento Personalizado","bloco2text":"Nossa equipe est\u00e1 sempre pronta para atender suas necessidades espec\u00edficas, oferecendo solu\u00e7\u00f5es sob medida.","bloco3title":"Rapidez na Entrega","bloco3text":"Na BR A\u00e7o, entendemos que tempo \u00e9 essencial, e garantimos entregas r\u00e1pidas para que seu projeto n\u00e3o pare.","insightwidtitle":"Curiosidades Sobre Vergalh\u00f5es","insightwidcontent":"Voc\u00ea sabia que os vergalh\u00f5es s\u00e3o fundamentais para a estrutura\u00e7\u00e3o de pr\u00e9dios, pontes e outras constru\u00e7\u00f5es? Al\u00e9m de sua fun\u00e7\u00e3o de refor\u00e7o, esses materiais s\u00e3o feitos com a\u00e7o de alta qualidade, que \u00e9 recicl\u00e1vel. Isso significa que a utiliza\u00e7\u00e3o de vergalh\u00f5es contribui para um futuro mais sustent\u00e1vel, ajudando a preservar os recursos naturais do planeta. Portanto, investir em vergalh\u00f5es \u00e9 tamb\u00e9m um ato de responsabilidade ambiental."},"yoast_head":"<!-- This site is optimized with the Yoast SEO plugin v23.4 - https:\/\/yoast.com\/wordpress\/plugins\/seo\/ -->\n<title>Onde Comprar Vergalh\u00e3o em Senador Canedo: BR A\u00e7o \u00e9 sua Melhor Op\u00e7\u00e3o<\/title>\n<meta name=\"description\" content=\"Encontre dicas e informa\u00e7\u00f5es sobre onde comprar vergalh\u00e3o em Senador Canedo com a BR A\u00e7o. Conhe\u00e7a nossos produtos e atendimento.\" \/>\n<meta name=\"robots\" content=\"index, follow, max-snippet:-1, max-image-preview:large, max-video-preview:-1\" \/>\n<link rel=\"canonical\" href=\"https:\/\/grupobraco.com.br\/conteudo\/onde-comprar-vergalhao-em-senador-canedo-dicas-e-melhores-locais\/\" \/>\n<meta property=\"og:locale\" content=\"pt_BR\" \/>\n<meta property=\"og:type\" content=\"article\" \/>\n<meta property=\"og:title\" content=\"Onde Comprar Vergalh\u00e3o em Senador Canedo: BR A\u00e7o \u00e9 sua Melhor Op\u00e7\u00e3o\" \/>\n<meta property=\"og:description\" content=\"Encontre dicas e informa\u00e7\u00f5es sobre onde comprar vergalh\u00e3o em Senador Canedo com a BR A\u00e7o. Conhe\u00e7a nossos produtos e atendimento.\" \/>\n<meta property=\"og:url\" content=\"https:\/\/grupobraco.com.br\/conteudo\/onde-comprar-vergalhao-em-senador-canedo-dicas-e-melhores-locais\/\" \/>\n<meta property=\"og:site_name\" content=\"Br A\u00e7o\" \/>\n<meta name=\"twitter:card\" content=\"summary_large_image\" \/>\n<meta name=\"twitter:label1\" content=\"Est. tempo de leitura\" \/>\n\t<meta name=\"twitter:data1\" content=\"1 minuto\" \/>\n<script type=\"application\/ld+json\" class=\"yoast-schema-graph\">{\"@context\":\"https:\/\/schema.org\",\"@graph\":[{\"@type\":\"WebPage\",\"@id\":\"https:\/\/grupobraco.com.br\/conteudo\/onde-comprar-vergalhao-em-senador-canedo-dicas-e-melhores-locais\/\",\"url\":\"https:\/\/grupobraco.com.br\/conteudo\/onde-comprar-vergalhao-em-senador-canedo-dicas-e-melhores-locais\/\",\"name\":\"Onde Comprar Vergalh\u00e3o em Senador Canedo: BR A\u00e7o \u00e9 sua Melhor Op\u00e7\u00e3o\",\"isPartOf\":{\"@id\":\"https:\/\/grupobraco.com.br\/conteudo\/#website\"},\"datePublished\":\"2025-03-27T16:01:01+00:00\",\"dateModified\":\"2025-03-27T16:01:01+00:00\",\"description\":\"Encontre dicas e informa\u00e7\u00f5es sobre onde comprar vergalh\u00e3o em Senador Canedo com a BR A\u00e7o. Conhe\u00e7a nossos produtos e atendimento.\",\"breadcrumb\":{\"@id\":\"https:\/\/grupobraco.com.br\/conteudo\/onde-comprar-vergalhao-em-senador-canedo-dicas-e-melhores-locais\/#breadcrumb\"},\"inLanguage\":\"pt-BR\",\"potentialAction\":[{\"@type\":\"ReadAction\",\"target\":[\"https:\/\/grupobraco.com.br\/conteudo\/onde-comprar-vergalhao-em-senador-canedo-dicas-e-melhores-locais\/\"]}]},{\"@type\":\"BreadcrumbList\",\"@id\":\"https:\/\/grupobraco.com.br\/conteudo\/onde-comprar-vergalhao-em-senador-canedo-dicas-e-melhores-locais\/#breadcrumb\",\"itemListElement\":[{\"@type\":\"ListItem\",\"position\":1,\"name\":\"Home\",\"item\":\"https:\/\/grupobraco.com.br\/conteudo\/\"},{\"@type\":\"ListItem\",\"position\":2,\"name\":\"Onde Comprar Vergalh\u00e3o em Senador Canedo: Dicas e Melhores Locais\"}]},{\"@type\":\"WebSite\",\"@id\":\"https:\/\/grupobraco.com.br\/conteudo\/#website\",\"url\":\"https:\/\/grupobraco.com.br\/conteudo\/\",\"name\":\"Br A\u00e7o\",\"description\":\"Seus projetos na velocidade m\u00e1xima\",\"publisher\":{\"@id\":\"https:\/\/grupobraco.com.br\/conteudo\/#organization\"},\"potentialAction\":[{\"@type\":\"SearchAction\",\"target\":{\"@type\":\"EntryPoint\",\"urlTemplate\":\"https:\/\/grupobraco.com.br\/conteudo\/?s={search_term_string}\"},\"query-input\":{\"@type\":\"PropertyValueSpecification\",\"valueRequired\":true,\"valueName\":\"search_term_string\"}}],\"inLanguage\":\"pt-BR\"},{\"@type\":\"Organization\",\"@id\":\"https:\/\/grupobraco.com.br\/conteudo\/#organization\",\"name\":\"Br A\u00e7o\",\"url\":\"https:\/\/grupobraco.com.br\/conteudo\/\",\"logo\":{\"@type\":\"ImageObject\",\"inLanguage\":\"pt-BR\",\"@id\":\"https:\/\/grupobraco.com.br\/conteudo\/#\/schema\/logo\/image\/\",\"url\":\"https:\/\/grupobraco.com.br\/conteudo\/wp-content\/uploads\/2025\/04\/Z340-Logotipia-Reestruturacao-do-Branding.png\",\"contentUrl\":\"https:\/\/grupobraco.com.br\/conteudo\/wp-content\/uploads\/2025\/04\/Z340-Logotipia-Reestruturacao-do-Branding.png\",\"width\":1530,\"height\":1080,\"caption\":\"Br A\u00e7o\"},\"image\":{\"@id\":\"https:\/\/grupobraco.com.br\/conteudo\/#\/schema\/logo\/image\/\"}}]}<\/script>\n<!-- \/ Yoast SEO plugin. -->","yoast_head_json":{"title":"Onde Comprar Vergalh\u00e3o em Senador Canedo: BR A\u00e7o \u00e9 sua Melhor Op\u00e7\u00e3o","description":"Encontre dicas e informa\u00e7\u00f5es sobre onde comprar vergalh\u00e3o em Senador Canedo com a BR A\u00e7o. Conhe\u00e7a nossos produtos e atendimento.","robots":{"index":"index","follow":"follow","max-snippet":"max-snippet:-1","max-image-preview":"max-image-preview:large","max-video-preview":"max-video-preview:-1"},"canonical":"https:\/\/grupobraco.com.br\/conteudo\/onde-comprar-vergalhao-em-senador-canedo-dicas-e-melhores-locais\/","og_locale":"pt_BR","og_type":"article","og_title":"Onde Comprar Vergalh\u00e3o em Senador Canedo: BR A\u00e7o \u00e9 sua Melhor Op\u00e7\u00e3o","og_description":"Encontre dicas e informa\u00e7\u00f5es sobre onde comprar vergalh\u00e3o em Senador Canedo com a BR A\u00e7o. Conhe\u00e7a nossos produtos e atendimento.","og_url":"https:\/\/grupobraco.com.br\/conteudo\/onde-comprar-vergalhao-em-senador-canedo-dicas-e-melhores-locais\/","og_site_name":"Br A\u00e7o","twitter_card":"summary_large_image","twitter_misc":{"Est. tempo de leitura":"1 minuto"},"schema":{"@context":"https:\/\/schema.org","@graph":[{"@type":"WebPage","@id":"https:\/\/grupobraco.com.br\/conteudo\/onde-comprar-vergalhao-em-senador-canedo-dicas-e-melhores-locais\/","url":"https:\/\/grupobraco.com.br\/conteudo\/onde-comprar-vergalhao-em-senador-canedo-dicas-e-melhores-locais\/","name":"Onde Comprar Vergalh\u00e3o em Senador Canedo: BR A\u00e7o \u00e9 sua Melhor Op\u00e7\u00e3o","isPartOf":{"@id":"https:\/\/grupobraco.com.br\/conteudo\/#website"},"datePublished":"2025-03-27T16:01:01+00:00","dateModified":"2025-03-27T16:01:01+00:00","description":"Encontre dicas e informa\u00e7\u00f5es sobre onde comprar vergalh\u00e3o em Senador Canedo com a BR A\u00e7o. Conhe\u00e7a nossos produtos e atendimento.","breadcrumb":{"@id":"https:\/\/grupobraco.com.br\/conteudo\/onde-comprar-vergalhao-em-senador-canedo-dicas-e-melhores-locais\/#breadcrumb"},"inLanguage":"pt-BR","potentialAction":[{"@type":"ReadAction","target":["https:\/\/grupobraco.com.br\/conteudo\/onde-comprar-vergalhao-em-senador-canedo-dicas-e-melhores-locais\/"]}]},{"@type":"BreadcrumbList","@id":"https:\/\/grupobraco.com.br\/conteudo\/onde-comprar-vergalhao-em-senador-canedo-dicas-e-melhores-locais\/#breadcrumb","itemListElement":[{"@type":"ListItem","position":1,"name":"Home","item":"https:\/\/grupobraco.com.br\/conteudo\/"},{"@type":"ListItem","position":2,"name":"Onde Comprar Vergalh\u00e3o em Senador Canedo: Dicas e Melhores Locais"}]},{"@type":"WebSite","@id":"https:\/\/grupobraco.com.br\/conteudo\/#website","url":"https:\/\/grupobraco.com.br\/conteudo\/","name":"Br A\u00e7o","description":"Seus projetos na velocidade m\u00e1xima","publisher":{"@id":"https:\/\/grupobraco.com.br\/conteudo\/#organization"},"potentialAction":[{"@type":"SearchAction","target":{"@type":"EntryPoint","urlTemplate":"https:\/\/grupobraco.com.br\/conteudo\/?s={search_term_string}"},"query-input":{"@type":"PropertyValueSpecification","valueRequired":true,"valueName":"search_term_string"}}],"inLanguage":"pt-BR"},{"@type":"Organization","@id":"https:\/\/grupobraco.com.br\/conteudo\/#organization","name":"Br A\u00e7o","url":"https:\/\/grupobraco.com.br\/conteudo\/","logo":{"@type":"ImageObject","inLanguage":"pt-BR","@id":"https:\/\/grupobraco.com.br\/conteudo\/#\/schema\/logo\/image\/","url":"https:\/\/grupobraco.com.br\/conteudo\/wp-content\/uploads\/2025\/04\/Z340-Logotipia-Reestruturacao-do-Branding.png","contentUrl":"https:\/\/grupobraco.com.br\/conteudo\/wp-content\/uploads\/2025\/04\/Z340-Logotipia-Reestruturacao-do-Branding.png","width":1530,"height":1080,"caption":"Br A\u00e7o"},"image":{"@id":"https:\/\/grupobraco.com.br\/conteudo\/#\/schema\/logo\/image\/"}}]}},"_links":{"self":[{"href":"https:\/\/grupobraco.com.br\/conteudo\/wp-json\/wp\/v2\/pages\/1160","targetHints":{"allow":["GET"]}}],"collection":[{"href":"https:\/\/grupobraco.com.br\/conteudo\/wp-json\/wp\/v2\/pages"}],"about":[{"href":"https:\/\/grupobraco.com.br\/conteudo\/wp-json\/wp\/v2\/types\/page"}],"author":[{"embeddable":true,"href":"https:\/\/grupobraco.com.br\/conteudo\/wp-json\/wp\/v2\/users\/3"}],"replies":[{"embeddable":true,"href":"https:\/\/grupobraco.com.br\/conteudo\/wp-json\/wp\/v2\/comments?post=1160"}],"version-history":[{"count":0,"href":"https:\/\/grupobraco.com.br\/conteudo\/wp-json\/wp\/v2\/pages\/1160\/revisions"}],"wp:attachment":[{"href":"https:\/\/grupobraco.com.br\/conteudo\/wp-json\/wp\/v2\/media?parent=1160"}],"curies":[{"name":"wp","href":"https:\/\/api.w.org\/{rel}","templated":true}]}}